{"id":5670,"date":"2024-09-24T15:51:58","date_gmt":"2024-09-24T13:51:58","guid":{"rendered":"https:\/\/rorlogistico.com\/aviso-legal\/"},"modified":"2024-10-14T12:40:21","modified_gmt":"2024-10-14T10:40:21","slug":"aviso-legal","status":"publish","type":"page","link":"https:\/\/rorlogistico.com\/pt-pt\/aviso-legal\/","title":{"rendered":"Aviso legal"},"content":{"rendered":"\t\t<div data-elementor-type=\"wp-page\" data-elementor-id=\"5670\" class=\"elementor elementor-5670 elementor-4643\" data-elementor-post-type=\"page\">\n\t\t\t\t\t\t<section class=\"elementor-section elementor-top-section elementor-element elementor-element-4904456c elementor-section-boxed elementor-section-height-default elementor-section-height-default\" data-id=\"4904456c\" data-element_type=\"section\">\n\t\t\t\t\t\t<div class=\"elementor-container elementor-column-gap-default\">\n\t\t\t\t\t<div class=\"elementor-column elementor-col-100 elementor-top-column elementor-element elementor-element-2e3ea54\" data-id=\"2e3ea54\" data-element_type=\"column\">\n\t\t\t<div class=\"elementor-widget-wrap elementor-element-populated\">\n\t\t\t\t\t\t<div class=\"elementor-element elementor-element-57ba772 elementor-widget elementor-widget-heading\" data-id=\"57ba772\" data-element_type=\"widget\" data-widget_type=\"heading.default\">\n\t\t\t\t<div class=\"elementor-widget-container\">\n\t\t\t<style>\/*! elementor - v3.23.0 - 15-07-2024 *\/\n.elementor-heading-title{padding:0;margin:0;line-height:1}.elementor-widget-heading .elementor-heading-title[class*=elementor-size-]>a{color:inherit;font-size:inherit;line-height:inherit}.elementor-widget-heading .elementor-heading-title.elementor-size-small{font-size:15px}.elementor-widget-heading .elementor-heading-title.elementor-size-medium{font-size:19px}.elementor-widget-heading .elementor-heading-title.elementor-size-large{font-size:29px}.elementor-widget-heading .elementor-heading-title.elementor-size-xl{font-size:39px}.elementor-widget-heading .elementor-heading-title.elementor-size-xxl{font-size:59px}<\/style><h2 class=\"elementor-heading-title elementor-size-default\">Aviso legal<\/h2>\t\t<\/div>\n\t\t\t\t<\/div>\n\t\t\t\t\t<\/div>\n\t\t<\/div>\n\t\t\t\t\t<\/div>\n\t\t<\/section>\n\t\t\t\t<section class=\"elementor-section elementor-top-section elementor-element elementor-element-70a015ef elementor-section-boxed elementor-section-height-default elementor-section-height-default\" data-id=\"70a015ef\" data-element_type=\"section\">\n\t\t\t\t\t\t<div class=\"elementor-container elementor-column-gap-default\">\n\t\t\t\t\t<div class=\"elementor-column elementor-col-100 elementor-top-column elementor-element elementor-element-59c08d3f\" data-id=\"59c08d3f\" data-element_type=\"column\">\n\t\t\t<div class=\"elementor-widget-wrap elementor-element-populated\">\n\t\t\t\t\t\t<div class=\"elementor-element elementor-element-1607619c elementor-widget elementor-widget-text-editor\" data-id=\"1607619c\" data-element_type=\"widget\" data-widget_type=\"text-editor.default\">\n\t\t\t\t<div class=\"elementor-widget-container\">\n\t\t\t<style>\/*! elementor - v3.23.0 - 15-07-2024 *\/\n.elementor-widget-text-editor.elementor-drop-cap-view-stacked .elementor-drop-cap{background-color:#69727d;color:#fff}.elementor-widget-text-editor.elementor-drop-cap-view-framed .elementor-drop-cap{color:#69727d;border:3px solid;background-color:transparent}.elementor-widget-text-editor:not(.elementor-drop-cap-view-default) .elementor-drop-cap{margin-top:8px}.elementor-widget-text-editor:not(.elementor-drop-cap-view-default) .elementor-drop-cap-letter{width:1em;height:1em}.elementor-widget-text-editor .elementor-drop-cap{float:left;text-align:center;line-height:1;font-size:50px}.elementor-widget-text-editor .elementor-drop-cap-letter{display:inline-block}<\/style>\t\t\t\t<p><strong>AVISO LEGAL SOBRE O ACESSO \u00c0S P\u00c1GINAS WEB DA ROR OPERADOR LOG\u00cdSTICO<\/strong><\/p>\n<p>O provedor, respons\u00e1vel pelo site, disponibiliza aos usu\u00e1rios o presente documento com o objetivo de cumprir as obriga\u00e7\u00f5es previstas na Lei 34\/2002, de Servi\u00e7os da Sociedade da Informa\u00e7\u00e3o e Com\u00e9rcio Eletr\u00f4nico (LSSI-CE), bem como informar a todos os usu\u00e1rios do site sobre as condi\u00e7\u00f5es de uso do mesmo.<\/p>\n<p>Este site foi projetado pela ROR Operador de Transportes S.L. (com nome comercial ROR Operador Log\u00edstico, doravante ROR OL), com NIF B-24485807, sede em c\/ Las Granjas s\/n \u2013 24391 Ribaseca (Le\u00f3n), e telefone de contato 987280300, para oferecer informa\u00e7\u00f5es sobre seus servi\u00e7os de log\u00edstica e transporte. Al\u00e9m disso, pode-se incorporar o acesso a outras informa\u00e7\u00f5es, produtos e servi\u00e7os de entidades diferentes da ROR OL, assim como aqueles que se tornam acess\u00edveis por meio de links e conex\u00f5es existentes.<br \/> A ROR OL reserva-se o direito de modificar a presente pol\u00edtica a qualquer momento, a seu crit\u00e9rio.<\/p>\n<p>Qualquer pessoa que acessar este site assume o papel de usu\u00e1rio, comprometendo-se a cumprir rigorosamente as disposi\u00e7\u00f5es aqui estabelecidas, bem como qualquer outra disposi\u00e7\u00e3o legal aplic\u00e1vel.<\/p>\n<p>O provedor reserva-se o direito de modificar qualquer informa\u00e7\u00e3o que possa aparecer no site, sem a obriga\u00e7\u00e3o de notificar previamente os usu\u00e1rios dessas modifica\u00e7\u00f5es, considerando suficiente a publica\u00e7\u00e3o no site do provedor.<\/p>\n<p><strong>ACESSO E USO<\/strong><\/p>\n<p>Tanto o acesso a este site quanto o uso das informa\u00e7\u00f5es e conte\u00fados nele inclu\u00eddos ser\u00e3o de exclusiva responsabilidade de quem o fizer.<\/p>\n<p>As condi\u00e7\u00f5es de acesso a este site estar\u00e3o sujeitas \u00e0 legisla\u00e7\u00e3o vigente e aos princ\u00edpios de boa f\u00e9 e uso l\u00edcito por parte do usu\u00e1rio, sendo proibido, de forma geral, qualquer tipo de a\u00e7\u00e3o em preju\u00edzo da ROR OL ou de terceiros.<\/p>\n<p>O uso deste site para fins ilegais ou n\u00e3o autorizados \u00e9 estritamente proibido e resultar\u00e1 nas a\u00e7\u00f5es judiciais cab\u00edveis.<\/p>\n<p><strong>PROPRIEDADE INTELECTUAL E INDUSTRIAL<\/strong><\/p>\n<p>Os direitos de propriedade intelectual do site rorlogistico.com, seus c\u00f3digos-fonte, design, estruturas de navega\u00e7\u00e3o, bases de dados e os diferentes elementos nele contidos s\u00e3o de propriedade da ROR OL, a quem compete o exerc\u00edcio exclusivo de todos os direitos de explora\u00e7\u00e3o dos mesmos em qualquer forma, especialmente os direitos de reprodu\u00e7\u00e3o, distribui\u00e7\u00e3o, comunica\u00e7\u00e3o p\u00fablica e transforma\u00e7\u00e3o, de acordo com a legisla\u00e7\u00e3o espanhola e da Uni\u00e3o Europeia aplic\u00e1vel.<\/p>\n<p>A ROR OL \u00e9 titular dos direitos de propriedade industrial relativos aos seus produtos e servi\u00e7os, e especificamente dos relativos ao nome comercial &#8220;ROR OPERADOR LOG\u00cdSTICO&#8221;.<br \/> Com rela\u00e7\u00e3o \u00e0s refer\u00eancias de produtos e servi\u00e7os de terceiros, a ROR OL reconhece a favor de seus titulares os correspondentes direitos de propriedade industrial e intelectual. A sua men\u00e7\u00e3o ou apari\u00e7\u00e3o no site n\u00e3o implica a exist\u00eancia de direitos ou responsabilidade alguma da ROR OL sobre os mesmos, nem apoio, patroc\u00ednio ou recomenda\u00e7\u00e3o por parte da ROR OL, a menos que expressamente declarado.<\/p>\n<p><strong>PROTE\u00c7\u00c3O DE DADOS PESSOAIS<\/strong><\/p>\n<p>De acordo com o Regulamento UE 2016\/679 e a Lei Org\u00e2nica 3\/2018 de prote\u00e7\u00e3o de dados pessoais, os dados fornecidos pelo usu\u00e1rio podem ser incorporados em arquivos automatizados, os quais ser\u00e3o tratados exclusivamente para a finalidade descrita, conforme especificado em cada formul\u00e1rio.<\/p>\n<p>No caso espec\u00edfico do formul\u00e1rio de contato deste site, apenas os dados fornecidos ser\u00e3o tratados para contatar o interessado e n\u00e3o ser\u00e3o divulgados a terceiros. N\u00e3o ser\u00e1 enviado material publicit\u00e1rio a menos que o usu\u00e1rio solicite expressamente.<\/p>\n<p>Os dados pessoais ser\u00e3o tratados com o grau adequado de prote\u00e7\u00e3o, adotando-se as medidas de seguran\u00e7a necess\u00e1rias para evitar a sua altera\u00e7\u00e3o, perda, tratamento ou acesso n\u00e3o autorizado por terceiros. Como respons\u00e1vel pelo arquivo, a ROR OL compromete-se a cumprir sua obriga\u00e7\u00e3o de manter em sigilo os dados pessoais e de guard\u00e1-los, adotando as medidas necess\u00e1rias para evitar sua altera\u00e7\u00e3o, perda, tratamento ou acesso n\u00e3o autorizado, levando em considera\u00e7\u00e3o, em todos os momentos, o estado da tecnologia.<\/p>\n<p>O usu\u00e1rio pode exercer seus direitos de acesso, retifica\u00e7\u00e3o, exclus\u00e3o, limita\u00e7\u00e3o do tratamento, oposi\u00e7\u00e3o e portabilidade, em conformidade com o Regulamento UE 2016\/679 e a Lei Org\u00e2nica 3\/2018, ou para qualquer consulta ou coment\u00e1rio pessoal a esse respeito, enviando uma notifica\u00e7\u00e3o por correio para os endere\u00e7os postais acima indicados, ou por e-mail para rgpd@ror-sl.com (anexando uma c\u00f3pia digitalizada do DNI, passaporte ou outro documento de identidade legalmente reconhecido). O usu\u00e1rio tamb\u00e9m pode entregar pessoalmente sua solicita\u00e7\u00e3o em nossos escrit\u00f3rios, sem que esse servi\u00e7o implique em qualquer custo.<\/p>\n<p>A origem dos dados ser\u00e1 o pr\u00f3prio interessado, e a legitimidade para o tratamento dos mesmos ser\u00e1 o consentimento do interessado por meio da marca\u00e7\u00e3o da caixa de aceita\u00e7\u00e3o desta pol\u00edtica de privacidade.<\/p>\n<p>Al\u00e9m disso, em conformidade com o artigo 21 da Lei 34\/2002, de 11 de julho, de Servi\u00e7os da Sociedade da Informa\u00e7\u00e3o e Com\u00e9rcio Eletr\u00f4nico, a ROR OL n\u00e3o enviar\u00e1 comunica\u00e7\u00f5es publicit\u00e1rias por e-mail que n\u00e3o tenham sido autorizadas ou solicitadas pelos usu\u00e1rios.<\/p>\n<p><strong>CONTE\u00daDO<\/strong><\/p>\n<p>Os conte\u00fados disponibilizados neste site foram elaborados com informa\u00e7\u00f5es provenientes tanto de fontes internas da ROR OL quanto de outras fontes externas.<\/p>\n<p>A ROR OL n\u00e3o se responsabiliza por nenhum dano ou preju\u00edzo de qualquer natureza que possa derivar do uso da informa\u00e7\u00e3o contida neste site.<\/p>\n<p>A ROR OL n\u00e3o garante que as informa\u00e7\u00f5es contidas neste site sejam completamente precisas, verificadas, completas ou atualizadas, e n\u00e3o assume nenhuma responsabilidade sobre a total confiabilidade, utilidade, veracidade, legalidade, exatid\u00e3o, completude e\/ou pertin\u00eancia dos dados ou informa\u00e7\u00f5es inclu\u00eddos nos conte\u00fados deste site, nem se responsabiliza pela confian\u00e7a que qualquer pessoa possa depositar nessas informa\u00e7\u00f5es.<\/p>\n<p>Por isso, antes de tomar qualquer decis\u00e3o ou realizar qualquer a\u00e7\u00e3o, a ROR OL recomenda que o usu\u00e1rio verifique as informa\u00e7\u00f5es recebidas com outras fontes que considere apropriadas.<\/p>\n<p>Atrav\u00e9s deste site s\u00e3o fornecidas informa\u00e7\u00f5es sobre servi\u00e7os destinados ao conhecimento p\u00fablico que estar\u00e3o, em qualquer caso, sujeitos aos termos e condi\u00e7\u00f5es detalhados a cada momento e acess\u00edveis a partir deste site, os quais estar\u00e3o sujeitos \u00e0s diferentes disposi\u00e7\u00f5es legais aplic\u00e1veis.<\/p>\n<p>Este site n\u00e3o inclui publicidade de terceiros e, portanto, n\u00e3o recebe nenhum benef\u00edcio econ\u00f4mico por esse motivo.<\/p>\n<p><strong>POL\u00cdTICA DE COOKIES<\/strong><\/p>\n<p>Este site utiliza apenas cookies t\u00e9cnicas, cujo objetivo \u00e9 garantir o funcionamento ininterrupto das p\u00e1ginas web.<\/p>\n<p>A ROR OL n\u00e3o acessa em nenhum momento as informa\u00e7\u00f5es que essa cookie possa armazenar, e ela \u00e9 automaticamente exclu\u00edda ao sair de nossas p\u00e1ginas.<\/p>\n<p>Em virtude da legisla\u00e7\u00e3o atual, esse tipo de cookie n\u00e3o requer o consentimento do usu\u00e1rio.<\/p>\n<p><strong>ISEN\u00c7\u00c3O DE RESPONSABILIDADE<\/strong><\/p>\n<p>A ROR OL n\u00e3o se responsabiliza, sob nenhuma circunst\u00e2ncia, por qualquer dano direto ou indireto que possa ser causado pelos usu\u00e1rios deste site, ou de qualquer outro, pelo uso ilegal ou indevido do mesmo, ou dos conte\u00fados e informa\u00e7\u00f5es acess\u00edveis ou fornecidas atrav\u00e9s dele.<\/p>\n<p>A ROR OL, apesar das medidas de seguran\u00e7a adotadas, adverte que o site n\u00e3o \u00e9 inexpugn\u00e1vel, portanto, n\u00e3o pode controlar ou garantir a aus\u00eancia de v\u00edrus ou de outros elementos nos conte\u00fados que possam causar altera\u00e7\u00f5es no sistema inform\u00e1tico (software ou hardware) do usu\u00e1rio ou em seus documentos eletr\u00f4nicos e arquivos.<\/p>\n<p><strong>SERVI\u00c7O<\/strong><\/p>\n<p>A ROR OL reserva-se o direito de suspender o acesso ao seu site, sem aviso pr\u00e9vio, de forma discricion\u00e1ria e tempor\u00e1ria, por raz\u00f5es t\u00e9cnicas ou de qualquer outra natureza, podendo tamb\u00e9m modificar unilateralmente tanto as condi\u00e7\u00f5es de acesso quanto a totalidade ou parte dos conte\u00fados nele inclu\u00eddos.<\/p>\n<p><strong>LINKS PARA P\u00c1GINAS DE TERCEIROS<\/strong><\/p>\n<p>Os links nesta \u00e1rea permitir\u00e3o que voc\u00ea saia do site rorlogistico.com. Os sites vinculados n\u00e3o est\u00e3o sob o controle da ROR OL, e a empresa n\u00e3o se responsabiliza pelo conte\u00fado de qualquer link que se encontre em qualquer site vinculado, nem por qualquer altera\u00e7\u00e3o ou atualiza\u00e7\u00e3o nesses sites. A ROR OL n\u00e3o se responsabiliza por atos de &#8220;webcasting&#8221; ou qualquer outra forma de transmiss\u00e3o realizada a partir de qualquer site vinculado. A ROR OL est\u00e1 fornecendo esses links apenas para sua conveni\u00eancia e benef\u00edcio, e a inclus\u00e3o de qualquer link n\u00e3o implica a aprova\u00e7\u00e3o do site pela ROR OL.<\/p>\n<p>A ROR OL informa que a fun\u00e7\u00e3o dos &#8220;links&#8221; ou conex\u00f5es que aparecem em suas p\u00e1ginas \u00e9 exclusivamente a de informar o usu\u00e1rio sobre a exist\u00eancia de outras fontes de informa\u00e7\u00e3o sobre o assunto na internet, onde ele poder\u00e1 expandir os dados oferecidos neste site. Esses &#8220;links&#8221; n\u00e3o constituem uma sugest\u00e3o, convite ou recomenda\u00e7\u00e3o para a visita aos destinos indicados, e, portanto, a ROR OL n\u00e3o ser\u00e1 respons\u00e1vel pelo resultado obtido atrav\u00e9s desses links.<\/p>\n<p><strong>LINKS DESDE P\u00c1GINAS DE TERCEIROS<\/strong><\/p>\n<p>Aqueles que desejarem estabelecer um hiperlink de seu site para este site devem cumprir as seguintes condi\u00e7\u00f5es:<\/p>\n<ul>\n<li>O hiperlink permitir\u00e1 apenas o acesso \u00e0s p\u00e1ginas deste site, mas n\u00e3o poder\u00e1 reproduzi-las de nenhuma forma.<\/li>\n<li>O hiperlink ser\u00e1 feito apenas com a p\u00e1gina inicial deste site. N\u00e3o ser\u00e1 criada uma janela de navega\u00e7\u00e3o sobre as p\u00e1ginas deste site.<\/li>\n<li>N\u00e3o ser\u00e3o feitas declara\u00e7\u00f5es ou indica\u00e7\u00f5es falsas, imprecisas ou incorretas sobre as p\u00e1ginas deste site, e, em particular, n\u00e3o ser\u00e1 declarado ou dado a entender que a ROR OL autorizou o hiperlink ou que supervisionou ou assumiu de qualquer forma os conte\u00fados ou servi\u00e7os oferecidos ou disponibilizados no site em que o hiperlink foi estabelecido.<\/li>\n<li>Exceto pelos sinais que fazem parte do pr\u00f3prio hiperlink, o site em que o hiperlink for estabelecido n\u00e3o conter\u00e1 nenhuma marca, nome comercial, placa de estabelecimento, denomina\u00e7\u00e3o, logotipo, slogan ou outros sinais distintivos pertencentes \u00e0 ROR OL.<\/li>\n<li>O site em que o hiperlink for estabelecido n\u00e3o conter\u00e1 informa\u00e7\u00f5es ou conte\u00fados il\u00edcitos, contr\u00e1rios \u00e0 moral e aos bons costumes geralmente aceitos e \u00e0 ordem p\u00fablica, nem conter\u00e1 conte\u00fados contr\u00e1rios a quaisquer direitos de terceiros.<\/li>\n<\/ul>\n<p>O estabelecimento do hiperlink n\u00e3o implica, em nenhum caso, a exist\u00eancia de rela\u00e7\u00f5es entre a ROR OL e o propriet\u00e1rio do site em que o hiperlink foi estabelecido, nem a aceita\u00e7\u00e3o e aprova\u00e7\u00e3o pela ROR OL de seus conte\u00fados ou servi\u00e7os.<\/p>\n<p><strong>GERAL<\/strong><\/p>\n<p>O acesso ao site rorlogistico.com implica a aceita\u00e7\u00e3o de todas as condi\u00e7\u00f5es acima mencionadas.<\/p>\n<p>Se qualquer uma das disposi\u00e7\u00f5es destas condi\u00e7\u00f5es gerais de uso deste site for declarada ilegal, nula ou por qualquer motivo n\u00e3o aplic\u00e1vel, essa disposi\u00e7\u00e3o ser\u00e1 considerada independente do restante, e n\u00e3o afetar\u00e1 a validade e a obrigatoriedade de todas as outras disposi\u00e7\u00f5es.<\/p>\n<p>Os direitos de propriedade intelectual sobre o conte\u00fado deste site pertencem \u00e0 ROR OL ou a terceiros que tenham concedido uma licen\u00e7a \u00e0 ROR OL. No entanto, \u00e9 autorizada a qualquer pessoa a obter uma c\u00f3pia privada do conte\u00fado deste site sob as seguintes condi\u00e7\u00f5es:<\/p>\n<ul>\n<li>O material copiado deve ser utilizado para fins n\u00e3o comerciais.<\/li>\n<li>As c\u00f3pias devem reproduzir e respeitar todos os avisos relativos aos direitos de propriedade intelectual contidos no material original.<\/li>\n<li>Os produtos, tecnologias ou processos descritos neste site podem estar sujeitos a outros direitos de propriedade intelectual da ROR OL ou de terceiros. Nenhuma licen\u00e7a \u00e9 concedida com rela\u00e7\u00e3o a esses outros direitos de propriedade intelectual.<\/li>\n<li>As imagens reproduzidas neste site est\u00e3o protegidas por direitos autorais e n\u00e3o podem ser reproduzidas ou apropriadas de nenhuma maneira sem autoriza\u00e7\u00e3o por escrito do propriet\u00e1rio ou dos propriet\u00e1rios dos direitos.<\/li>\n<\/ul>\n<p>Para todas as quest\u00f5es litigiosas ou relativas ao site rorlogistico.com, a legisla\u00e7\u00e3o espanhola ser\u00e1 aplic\u00e1vel, sendo competentes para a resolu\u00e7\u00e3o de todos os conflitos decorrentes ou relacionados com o uso deste site exclusivamente os tribunais espanh\u00f3is da cidade de Le\u00f3n.<\/p>\n\t\t\t\t\t\t<\/div>\n\t\t\t\t<\/div>\n\t\t\t\t\t<\/div>\n\t\t<\/div>\n\t\t\t\t\t<\/div>\n\t\t<\/section>\n\t\t\t\t<\/div>\n\t\t","protected":false},"excerpt":{"rendered":"<p>Aviso legal AVISO LEGAL SOBRE O ACESSO \u00c0S P\u00c1GINAS WEB DA ROR OPERADOR LOG\u00cdSTICO O provedor, respons\u00e1vel pelo site, disponibiliza [&hellip;]<\/p>\n","protected":false},"author":1,"featured_media":0,"parent":0,"menu_order":0,"comment_status":"closed","ping_status":"closed","template":"","meta":{"_monsterinsights_skip_tracking":false,"_monsterinsights_sitenote_active":false,"_monsterinsights_sitenote_note":"","_monsterinsights_sitenote_category":0,"_uf_show_specific_survey":0,"_uf_disable_surveys":false,"site-sidebar-layout":"no-sidebar","site-content-layout":"","ast-site-content-layout":"full-width-container","site-content-style":"default","site-sidebar-style":"default","ast-global-header-display":"","ast-banner-title-visibility":"","ast-main-header-display":"","ast-hfb-above-header-display":"","ast-hfb-below-header-display":"","ast-hfb-mobile-header-display":"","site-post-title":"disabled","ast-breadcrumbs-content":"","ast-featured-img":"disabled","footer-sml-layout":"","theme-transparent-header-meta":"default","adv-header-id-meta":"","stick-header-meta":"","header-above-stick-meta":"","header-main-stick-meta":"","header-below-stick-meta":"","astra-migrate-meta-layouts":"default","ast-page-background-enabled":"default","ast-page-background-meta":{"desktop":{"background-color":"var(--ast-global-color-4)","background-image":"","background-repeat":"repeat","background-position":"center center","background-size":"auto","background-attachment":"scroll","background-type":"","background-media":"","overlay-type":"","overlay-color":"","overlay-opacity":"","overlay-gradient":""},"tablet":{"background-color":"","background-image":"","background-repeat":"repeat","background-position":"center center","background-size":"auto","background-attachment":"scroll","background-type":"","background-media":"","overlay-type":"","overlay-color":"","overlay-opacity":"","overlay-gradient":""},"mobile":{"background-color":"","background-image":"","background-repeat":"repeat","background-position":"center center","background-size":"auto","background-attachment":"scroll","background-type":"","background-media":"","overlay-type":"","overlay-color":"","overlay-opacity":"","overlay-gradient":""}},"ast-content-background-meta":{"desktop":{"background-color":"var(--ast-global-color-5)","background-image":"","background-repeat":"repeat","background-position":"center center","background-size":"auto","background-attachment":"scroll","background-type":"","background-media":"","overlay-type":"","overlay-color":"","overlay-opacity":"","overlay-gradient":""},"tablet":{"background-color":"var(--ast-global-color-5)","background-image":"","background-repeat":"repeat","background-position":"center center","background-size":"auto","background-attachment":"scroll","background-type":"","background-media":"","overlay-type":"","overlay-color":"","overlay-opacity":"","overlay-gradient":""},"mobile":{"background-color":"var(--ast-global-color-5)","background-image":"","background-repeat":"repeat","background-position":"center center","background-size":"auto","background-attachment":"scroll","background-type":"","background-media":"","overlay-type":"","overlay-color":"","overlay-opacity":"","overlay-gradient":""}},"footnotes":""},"class_list":["post-5670","page","type-page","status-publish","hentry"],"_links":{"self":[{"href":"https:\/\/rorlogistico.com\/pt-pt\/wp-json\/wp\/v2\/pages\/5670","targetHints":{"allow":["GET"]}}],"collection":[{"href":"https:\/\/rorlogistico.com\/pt-pt\/wp-json\/wp\/v2\/pages"}],"about":[{"href":"https:\/\/rorlogistico.com\/pt-pt\/wp-json\/wp\/v2\/types\/page"}],"author":[{"embeddable":true,"href":"https:\/\/rorlogistico.com\/pt-pt\/wp-json\/wp\/v2\/users\/1"}],"replies":[{"embeddable":true,"href":"https:\/\/rorlogistico.com\/pt-pt\/wp-json\/wp\/v2\/comments?post=5670"}],"version-history":[{"count":3,"href":"https:\/\/rorlogistico.com\/pt-pt\/wp-json\/wp\/v2\/pages\/5670\/revisions"}],"predecessor-version":[{"id":5673,"href":"https:\/\/rorlogistico.com\/pt-pt\/wp-json\/wp\/v2\/pages\/5670\/revisions\/5673"}],"wp:attachment":[{"href":"https:\/\/rorlogistico.com\/pt-pt\/wp-json\/wp\/v2\/media?parent=5670"}],"curies":[{"name":"wp","href":"https:\/\/api.w.org\/{rel}","templated":true}]}}