{"id":5668,"date":"2024-09-24T16:33:11","date_gmt":"2024-09-24T14:33:11","guid":{"rendered":"https:\/\/rorlogistico.com\/politica-de-privacidade\/"},"modified":"2024-10-14T12:04:15","modified_gmt":"2024-10-14T10:04:15","slug":"politica-de-privacidade","status":"publish","type":"page","link":"https:\/\/rorlogistico.com\/pt-pt\/politica-de-privacidade\/","title":{"rendered":"Pol\u00edtica de privacidade"},"content":{"rendered":"\t\t<div data-elementor-type=\"wp-page\" data-elementor-id=\"5668\" class=\"elementor elementor-5668 elementor-4774\" data-elementor-post-type=\"page\">\n\t\t\t\t\t\t<section class=\"elementor-section elementor-top-section elementor-element elementor-element-1613b37c elementor-section-boxed elementor-section-height-default elementor-section-height-default\" data-id=\"1613b37c\" data-element_type=\"section\">\n\t\t\t\t\t\t<div class=\"elementor-container elementor-column-gap-default\">\n\t\t\t\t\t<div class=\"elementor-column elementor-col-100 elementor-top-column elementor-element elementor-element-1dcd015b\" data-id=\"1dcd015b\" data-element_type=\"column\">\n\t\t\t<div class=\"elementor-widget-wrap elementor-element-populated\">\n\t\t\t\t\t\t<div class=\"elementor-element elementor-element-76c4f0a4 elementor-widget elementor-widget-heading\" data-id=\"76c4f0a4\" data-element_type=\"widget\" data-widget_type=\"heading.default\">\n\t\t\t\t<div class=\"elementor-widget-container\">\n\t\t\t<style>\/*! elementor - v3.23.0 - 15-07-2024 *\/\n.elementor-heading-title{padding:0;margin:0;line-height:1}.elementor-widget-heading .elementor-heading-title[class*=elementor-size-]>a{color:inherit;font-size:inherit;line-height:inherit}.elementor-widget-heading .elementor-heading-title.elementor-size-small{font-size:15px}.elementor-widget-heading .elementor-heading-title.elementor-size-medium{font-size:19px}.elementor-widget-heading .elementor-heading-title.elementor-size-large{font-size:29px}.elementor-widget-heading .elementor-heading-title.elementor-size-xl{font-size:39px}.elementor-widget-heading .elementor-heading-title.elementor-size-xxl{font-size:59px}<\/style><h2 class=\"elementor-heading-title elementor-size-default\">Prote\u00e7\u00e3o de Privacidade<\/h2>\t\t<\/div>\n\t\t\t\t<\/div>\n\t\t\t\t\t<\/div>\n\t\t<\/div>\n\t\t\t\t\t<\/div>\n\t\t<\/section>\n\t\t\t\t<section class=\"elementor-section elementor-top-section elementor-element elementor-element-3437ca8b elementor-section-boxed elementor-section-height-default elementor-section-height-default\" data-id=\"3437ca8b\" data-element_type=\"section\">\n\t\t\t\t\t\t<div class=\"elementor-container elementor-column-gap-default\">\n\t\t\t\t\t<div class=\"elementor-column elementor-col-100 elementor-top-column elementor-element elementor-element-1033fe7a\" data-id=\"1033fe7a\" data-element_type=\"column\">\n\t\t\t<div class=\"elementor-widget-wrap elementor-element-populated\">\n\t\t\t\t\t\t<div class=\"elementor-element elementor-element-43b945ed elementor-widget elementor-widget-text-editor\" data-id=\"43b945ed\" data-element_type=\"widget\" data-widget_type=\"text-editor.default\">\n\t\t\t\t<div class=\"elementor-widget-container\">\n\t\t\t<style>\/*! elementor - v3.23.0 - 15-07-2024 *\/\n.elementor-widget-text-editor.elementor-drop-cap-view-stacked .elementor-drop-cap{background-color:#69727d;color:#fff}.elementor-widget-text-editor.elementor-drop-cap-view-framed .elementor-drop-cap{color:#69727d;border:3px solid;background-color:transparent}.elementor-widget-text-editor:not(.elementor-drop-cap-view-default) .elementor-drop-cap{margin-top:8px}.elementor-widget-text-editor:not(.elementor-drop-cap-view-default) .elementor-drop-cap-letter{width:1em;height:1em}.elementor-widget-text-editor .elementor-drop-cap{float:left;text-align:center;line-height:1;font-size:50px}.elementor-widget-text-editor .elementor-drop-cap-letter{display:inline-block}<\/style>\t\t\t\t<p><strong>PROTE\u00c7\u00c3O DE DADOS PESSOAIS<\/p>\n<p><\/strong><\/p>\n<p>Em conformidade com o estabelecido no Regulamento UE 2016\/679 e na Lei Org\u00e2nica 3\/2018 de prote\u00e7\u00e3o de dados pessoais, os dados fornecidos pelo usu\u00e1rio poder\u00e3o ser incorporados em arquivos automatizados, os quais ser\u00e3o tratados exclusivamente para o fim descrito, conforme especificado em cada formul\u00e1rio.<\/p>\n<p>No caso espec\u00edfico do formul\u00e1rio de contato deste site, os dados fornecidos ser\u00e3o utilizados apenas para contatar o interessado e n\u00e3o ser\u00e3o cedidos a terceiros. Publicidade n\u00e3o ser\u00e1 enviada, a menos que o usu\u00e1rio solicite expressamente.<\/p>\n<p>Os dados pessoais ser\u00e3o tratados com o n\u00edvel adequado de prote\u00e7\u00e3o, adotando-se as medidas de seguran\u00e7a necess\u00e1rias para evitar sua altera\u00e7\u00e3o, perda, tratamento ou acesso n\u00e3o autorizado por terceiros. Como respons\u00e1vel pelo arquivo, a ROR OL compromete-se a cumprir sua obriga\u00e7\u00e3o de manter a confidencialidade dos dados pessoais e a adotar\u00e1 as medidas necess\u00e1rias para evitar sua altera\u00e7\u00e3o, perda, tratamento ou acesso n\u00e3o autorizado, levando em considera\u00e7\u00e3o o estado atual da tecnologia.<\/p>\n<p>O usu\u00e1rio poder\u00e1 exercer seus direitos de acesso, retifica\u00e7\u00e3o, exclus\u00e3o, limita\u00e7\u00e3o de tratamento, oposi\u00e7\u00e3o e portabilidade, conforme estabelecido no Regulamento UE 2016\/679 e na Lei Org\u00e2nica 3\/2018, ou para qualquer consulta ou coment\u00e1rio pessoal a este respeito, enviando uma notifica\u00e7\u00e3o por correio postal para os endere\u00e7os indicados acima, ou por e-mail para o endere\u00e7o\u00a0rgpd@ror-sl.com\u00a0(anexando uma c\u00f3pia digitalizada do documento de identidade, passaporte ou outro documento de identifica\u00e7\u00e3o legalmente reconhecido). Tamb\u00e9m poder\u00e1 entregar sua solicita\u00e7\u00e3o pessoalmente em nossos escrit\u00f3rios, sem que, em nenhum caso, este servi\u00e7o implique em qualquer contrapresta\u00e7\u00e3o.<\/p>\n<p>A origem dos dados ser\u00e1 o pr\u00f3prio interessado, e a base legal para o tratamento dos mesmos ser\u00e1 o consentimento do interessado, mediante o preenchimento da caixa de aceita\u00e7\u00e3o da presente pol\u00edtica de privacidade.<\/p>\n<p>Da mesma forma, em conformidade com o artigo 21 da Lei 34\/2002, de 11 de julho, de Servi\u00e7os da Sociedade da Informa\u00e7\u00e3o e Com\u00e9rcio Eletr\u00f4nico, a ROR OL n\u00e3o enviar\u00e1 comunica\u00e7\u00f5es publicit\u00e1rias por e-mail que n\u00e3o tenham sido autorizadas ou solicitadas pelos usu\u00e1rios.<\/p>\n\t\t\t\t\t\t<\/div>\n\t\t\t\t<\/div>\n\t\t\t\t\t<\/div>\n\t\t<\/div>\n\t\t\t\t\t<\/div>\n\t\t<\/section>\n\t\t\t\t<\/div>\n\t\t","protected":false},"excerpt":{"rendered":"<p>Prote\u00e7\u00e3o de Privacidade PROTE\u00c7\u00c3O DE DADOS PESSOAIS Em conformidade com o estabelecido no Regulamento UE 2016\/679 e na Lei Org\u00e2nica [&hellip;]<\/p>\n","protected":false},"author":1,"featured_media":0,"parent":0,"menu_order":0,"comment_status":"closed","ping_status":"closed","template":"","meta":{"_monsterinsights_skip_tracking":false,"_monsterinsights_sitenote_active":false,"_monsterinsights_sitenote_note":"","_monsterinsights_sitenote_category":0,"_uf_show_specific_survey":0,"_uf_disable_surveys":false,"site-sidebar-layout":"no-sidebar","site-content-layout":"","ast-site-content-layout":"full-width-container","site-content-style":"default","site-sidebar-style":"default","ast-global-header-display":"","ast-banner-title-visibility":"","ast-main-header-display":"","ast-hfb-above-header-display":"","ast-hfb-below-header-display":"","ast-hfb-mobile-header-display":"","site-post-title":"disabled","ast-breadcrumbs-content":"","ast-featured-img":"disabled","footer-sml-layout":"","theme-transparent-header-meta":"","adv-header-id-meta":"","stick-header-meta":"","header-above-stick-meta":"","header-main-stick-meta":"","header-below-stick-meta":"","astra-migrate-meta-layouts":"default","ast-page-background-enabled":"default","ast-page-background-meta":{"desktop":{"background-color":"var(--ast-global-color-4)","background-image":"","background-repeat":"repeat","background-position":"center center","background-size":"auto","background-attachment":"scroll","background-type":"","background-media":"","overlay-type":"","overlay-color":"","overlay-opacity":"","overlay-gradient":""},"tablet":{"background-color":"","background-image":"","background-repeat":"repeat","background-position":"center center","background-size":"auto","background-attachment":"scroll","background-type":"","background-media":"","overlay-type":"","overlay-color":"","overlay-opacity":"","overlay-gradient":""},"mobile":{"background-color":"","background-image":"","background-repeat":"repeat","background-position":"center center","background-size":"auto","background-attachment":"scroll","background-type":"","background-media":"","overlay-type":"","overlay-color":"","overlay-opacity":"","overlay-gradient":""}},"ast-content-background-meta":{"desktop":{"background-color":"var(--ast-global-color-5)","background-image":"","background-repeat":"repeat","background-position":"center center","background-size":"auto","background-attachment":"scroll","background-type":"","background-media":"","overlay-type":"","overlay-color":"","overlay-opacity":"","overlay-gradient":""},"tablet":{"background-color":"var(--ast-global-color-5)","background-image":"","background-repeat":"repeat","background-position":"center center","background-size":"auto","background-attachment":"scroll","background-type":"","background-media":"","overlay-type":"","overlay-color":"","overlay-opacity":"","overlay-gradient":""},"mobile":{"background-color":"var(--ast-global-color-5)","background-image":"","background-repeat":"repeat","background-position":"center center","background-size":"auto","background-attachment":"scroll","background-type":"","background-media":"","overlay-type":"","overlay-color":"","overlay-opacity":"","overlay-gradient":""}},"footnotes":""},"class_list":["post-5668","page","type-page","status-publish","hentry"],"_links":{"self":[{"href":"https:\/\/rorlogistico.com\/pt-pt\/wp-json\/wp\/v2\/pages\/5668","targetHints":{"allow":["GET"]}}],"collection":[{"href":"https:\/\/rorlogistico.com\/pt-pt\/wp-json\/wp\/v2\/pages"}],"about":[{"href":"https:\/\/rorlogistico.com\/pt-pt\/wp-json\/wp\/v2\/types\/page"}],"author":[{"embeddable":true,"href":"https:\/\/rorlogistico.com\/pt-pt\/wp-json\/wp\/v2\/users\/1"}],"replies":[{"embeddable":true,"href":"https:\/\/rorlogistico.com\/pt-pt\/wp-json\/wp\/v2\/comments?post=5668"}],"version-history":[{"count":1,"href":"https:\/\/rorlogistico.com\/pt-pt\/wp-json\/wp\/v2\/pages\/5668\/revisions"}],"predecessor-version":[{"id":5669,"href":"https:\/\/rorlogistico.com\/pt-pt\/wp-json\/wp\/v2\/pages\/5668\/revisions\/5669"}],"wp:attachment":[{"href":"https:\/\/rorlogistico.com\/pt-pt\/wp-json\/wp\/v2\/media?parent=5668"}],"curies":[{"name":"wp","href":"https:\/\/api.w.org\/{rel}","templated":true}]}}