{"id":5660,"date":"2024-09-24T16:33:11","date_gmt":"2024-09-24T14:33:11","guid":{"rendered":"https:\/\/rorlogistico.com\/politique-de-confidentialite\/"},"modified":"2024-10-14T11:07:12","modified_gmt":"2024-10-14T09:07:12","slug":"politique-de-confidentialite","status":"publish","type":"page","link":"https:\/\/rorlogistico.com\/fr\/politique-de-confidentialite\/","title":{"rendered":"Politique de confidentialit\u00e9"},"content":{"rendered":"\t\t<div data-elementor-type=\"wp-page\" data-elementor-id=\"5660\" class=\"elementor elementor-5660 elementor-4774\" data-elementor-post-type=\"page\">\n\t\t\t\t\t\t<section class=\"elementor-section elementor-top-section elementor-element elementor-element-1613b37c elementor-section-boxed elementor-section-height-default elementor-section-height-default\" data-id=\"1613b37c\" data-element_type=\"section\">\n\t\t\t\t\t\t<div class=\"elementor-container elementor-column-gap-default\">\n\t\t\t\t\t<div class=\"elementor-column elementor-col-100 elementor-top-column elementor-element elementor-element-1dcd015b\" data-id=\"1dcd015b\" data-element_type=\"column\">\n\t\t\t<div class=\"elementor-widget-wrap elementor-element-populated\">\n\t\t\t\t\t\t<div class=\"elementor-element elementor-element-76c4f0a4 elementor-widget elementor-widget-heading\" data-id=\"76c4f0a4\" data-element_type=\"widget\" data-widget_type=\"heading.default\">\n\t\t\t\t<div class=\"elementor-widget-container\">\n\t\t\t<style>\/*! elementor - v3.23.0 - 15-07-2024 *\/\n.elementor-heading-title{padding:0;margin:0;line-height:1}.elementor-widget-heading .elementor-heading-title[class*=elementor-size-]>a{color:inherit;font-size:inherit;line-height:inherit}.elementor-widget-heading .elementor-heading-title.elementor-size-small{font-size:15px}.elementor-widget-heading .elementor-heading-title.elementor-size-medium{font-size:19px}.elementor-widget-heading .elementor-heading-title.elementor-size-large{font-size:29px}.elementor-widget-heading .elementor-heading-title.elementor-size-xl{font-size:39px}.elementor-widget-heading .elementor-heading-title.elementor-size-xxl{font-size:59px}<\/style><h2 class=\"elementor-heading-title elementor-size-default\">Protection de la vie priv\u00e9e<\/h2>\t\t<\/div>\n\t\t\t\t<\/div>\n\t\t\t\t\t<\/div>\n\t\t<\/div>\n\t\t\t\t\t<\/div>\n\t\t<\/section>\n\t\t\t\t<section class=\"elementor-section elementor-top-section elementor-element elementor-element-3437ca8b elementor-section-boxed elementor-section-height-default elementor-section-height-default\" data-id=\"3437ca8b\" data-element_type=\"section\">\n\t\t\t\t\t\t<div class=\"elementor-container elementor-column-gap-default\">\n\t\t\t\t\t<div class=\"elementor-column elementor-col-100 elementor-top-column elementor-element elementor-element-1033fe7a\" data-id=\"1033fe7a\" data-element_type=\"column\">\n\t\t\t<div class=\"elementor-widget-wrap elementor-element-populated\">\n\t\t\t\t\t\t<div class=\"elementor-element elementor-element-43b945ed elementor-widget elementor-widget-text-editor\" data-id=\"43b945ed\" data-element_type=\"widget\" data-widget_type=\"text-editor.default\">\n\t\t\t\t<div class=\"elementor-widget-container\">\n\t\t\t<style>\/*! elementor - v3.23.0 - 15-07-2024 *\/\n.elementor-widget-text-editor.elementor-drop-cap-view-stacked .elementor-drop-cap{background-color:#69727d;color:#fff}.elementor-widget-text-editor.elementor-drop-cap-view-framed .elementor-drop-cap{color:#69727d;border:3px solid;background-color:transparent}.elementor-widget-text-editor:not(.elementor-drop-cap-view-default) .elementor-drop-cap{margin-top:8px}.elementor-widget-text-editor:not(.elementor-drop-cap-view-default) .elementor-drop-cap-letter{width:1em;height:1em}.elementor-widget-text-editor .elementor-drop-cap{float:left;text-align:center;line-height:1;font-size:50px}.elementor-widget-text-editor .elementor-drop-cap-letter{display:inline-block}<\/style>\t\t\t\t<p><strong>PROTECTION DES DONN\u00c9ES \u00c0 CARACT\u00c8RE PERSONNEL<\/strong><\/p>\n<p>Conform\u00e9ment au R\u00e8glement UE 2016\/679 et \u00e0 la Loi Organique 3\/2018 sur la protection des donn\u00e9es \u00e0 caract\u00e8re personnel, les donn\u00e9es fournies par l&rsquo;utilisateur pourront \u00eatre incluses dans des fichiers automatis\u00e9s, qui seront trait\u00e9s exclusivement dans le but sp\u00e9cifi\u00e9, comme pr\u00e9cis\u00e9 dans chaque formulaire.<\/p>\n<p>Dans le cas particulier du formulaire de contact de cette page web, seules les donn\u00e9es fournies pour contacter l&rsquo;int\u00e9ress\u00e9 seront trait\u00e9es et elles ne seront pas transmises \u00e0 des tiers. Aucune publicit\u00e9 ne sera envoy\u00e9e \u00e0 moins que l&rsquo;utilisateur ne l&rsquo;ait express\u00e9ment demand\u00e9.<\/p>\n<p>Les donn\u00e9es \u00e0 caract\u00e8re personnel seront trait\u00e9es avec un niveau de protection ad\u00e9quat, et les mesures de s\u00e9curit\u00e9 n\u00e9cessaires seront prises pour \u00e9viter leur alt\u00e9ration, perte, traitement ou acc\u00e8s non autoris\u00e9 par des tiers. En tant que responsable du fichier, ROR OL s&rsquo;engage \u00e0 respecter son obligation de confidentialit\u00e9 des donn\u00e9es \u00e0 caract\u00e8re personnel et son devoir de les prot\u00e9ger, en prenant les mesures n\u00e9cessaires pour \u00e9viter leur alt\u00e9ration, perte, traitement ou acc\u00e8s non autoris\u00e9, en tenant compte \u00e0 tout moment de l&rsquo;\u00e9tat de la technologie.<\/p>\n<p>L&rsquo;utilisateur pourra exercer ses droits d&rsquo;acc\u00e8s, de rectification, de suppression, de limitation du traitement, d&rsquo;opposition et de portabilit\u00e9, conform\u00e9ment aux dispositions du R\u00e8glement UE 2016\/679 et de la Loi Organique 3\/2018, ou pour toute question ou commentaire personnel \u00e0 ce sujet, en envoyant une notification par courrier postal aux adresses postales indiqu\u00e9es ci-dessus, ou par courrier \u00e9lectronique \u00e0 l&rsquo;adresse rgpd@ror-sl.com (en joignant une copie scann\u00e9e de la carte d&rsquo;identit\u00e9, du passeport ou de tout autre document d&rsquo;identification l\u00e9galement reconnu). Il pourra \u00e9galement d\u00e9poser sa demande en personne dans nos bureaux, sans qu&rsquo;aucune contrepartie ne soit exig\u00e9e pour ce service.<\/p>\n<p>La source des donn\u00e9es sera l&rsquo;int\u00e9ress\u00e9 lui-m\u00eame, et la l\u00e9gitimit\u00e9 du traitement des donn\u00e9es sera le consentement de l&rsquo;int\u00e9ress\u00e9 par le biais de la case \u00e0 cocher de la pr\u00e9sente politique de confidentialit\u00e9.<\/p>\n<p>De plus, en conformit\u00e9 avec l&rsquo;article 21 de la Loi 34\/2002, du 11 juillet, sur les Services de la Soci\u00e9t\u00e9 de l&rsquo;Information et du Commerce \u00c9lectronique, ROR OL ne fera pas parvenir par courriel des communications publicitaires qui n&rsquo;auraient pas \u00e9t\u00e9 autoris\u00e9es ou demand\u00e9es par les utilisateurs.<\/p>\n\t\t\t\t\t\t<\/div>\n\t\t\t\t<\/div>\n\t\t\t\t\t<\/div>\n\t\t<\/div>\n\t\t\t\t\t<\/div>\n\t\t<\/section>\n\t\t\t\t<\/div>\n\t\t","protected":false},"excerpt":{"rendered":"<p>Protection de la vie priv\u00e9e PROTECTION DES DONN\u00c9ES \u00c0 CARACT\u00c8RE PERSONNEL Conform\u00e9ment au R\u00e8glement UE 2016\/679 et \u00e0 la Loi [&hellip;]<\/p>\n","protected":false},"author":1,"featured_media":0,"parent":0,"menu_order":0,"comment_status":"closed","ping_status":"closed","template":"","meta":{"_monsterinsights_skip_tracking":false,"_monsterinsights_sitenote_active":false,"_monsterinsights_sitenote_note":"","_monsterinsights_sitenote_category":0,"_uf_show_specific_survey":0,"_uf_disable_surveys":false,"site-sidebar-layout":"no-sidebar","site-content-layout":"","ast-site-content-layout":"full-width-container","site-content-style":"default","site-sidebar-style":"default","ast-global-header-display":"","ast-banner-title-visibility":"","ast-main-header-display":"","ast-hfb-above-header-display":"","ast-hfb-below-header-display":"","ast-hfb-mobile-header-display":"","site-post-title":"disabled","ast-breadcrumbs-content":"","ast-featured-img":"disabled","footer-sml-layout":"","theme-transparent-header-meta":"","adv-header-id-meta":"","stick-header-meta":"","header-above-stick-meta":"","header-main-stick-meta":"","header-below-stick-meta":"","astra-migrate-meta-layouts":"default","ast-page-background-enabled":"default","ast-page-background-meta":{"desktop":{"background-color":"var(--ast-global-color-4)","background-image":"","background-repeat":"repeat","background-position":"center center","background-size":"auto","background-attachment":"scroll","background-type":"","background-media":"","overlay-type":"","overlay-color":"","overlay-opacity":"","overlay-gradient":""},"tablet":{"background-color":"","background-image":"","background-repeat":"repeat","background-position":"center center","background-size":"auto","background-attachment":"scroll","background-type":"","background-media":"","overlay-type":"","overlay-color":"","overlay-opacity":"","overlay-gradient":""},"mobile":{"background-color":"","background-image":"","background-repeat":"repeat","background-position":"center center","background-size":"auto","background-attachment":"scroll","background-type":"","background-media":"","overlay-type":"","overlay-color":"","overlay-opacity":"","overlay-gradient":""}},"ast-content-background-meta":{"desktop":{"background-color":"var(--ast-global-color-5)","background-image":"","background-repeat":"repeat","background-position":"center center","background-size":"auto","background-attachment":"scroll","background-type":"","background-media":"","overlay-type":"","overlay-color":"","overlay-opacity":"","overlay-gradient":""},"tablet":{"background-color":"var(--ast-global-color-5)","background-image":"","background-repeat":"repeat","background-position":"center center","background-size":"auto","background-attachment":"scroll","background-type":"","background-media":"","overlay-type":"","overlay-color":"","overlay-opacity":"","overlay-gradient":""},"mobile":{"background-color":"var(--ast-global-color-5)","background-image":"","background-repeat":"repeat","background-position":"center center","background-size":"auto","background-attachment":"scroll","background-type":"","background-media":"","overlay-type":"","overlay-color":"","overlay-opacity":"","overlay-gradient":""}},"footnotes":""},"class_list":["post-5660","page","type-page","status-publish","hentry"],"_links":{"self":[{"href":"https:\/\/rorlogistico.com\/fr\/wp-json\/wp\/v2\/pages\/5660","targetHints":{"allow":["GET"]}}],"collection":[{"href":"https:\/\/rorlogistico.com\/fr\/wp-json\/wp\/v2\/pages"}],"about":[{"href":"https:\/\/rorlogistico.com\/fr\/wp-json\/wp\/v2\/types\/page"}],"author":[{"embeddable":true,"href":"https:\/\/rorlogistico.com\/fr\/wp-json\/wp\/v2\/users\/1"}],"replies":[{"embeddable":true,"href":"https:\/\/rorlogistico.com\/fr\/wp-json\/wp\/v2\/comments?post=5660"}],"version-history":[{"count":1,"href":"https:\/\/rorlogistico.com\/fr\/wp-json\/wp\/v2\/pages\/5660\/revisions"}],"predecessor-version":[{"id":5661,"href":"https:\/\/rorlogistico.com\/fr\/wp-json\/wp\/v2\/pages\/5660\/revisions\/5661"}],"wp:attachment":[{"href":"https:\/\/rorlogistico.com\/fr\/wp-json\/wp\/v2\/media?parent=5660"}],"curies":[{"name":"wp","href":"https:\/\/api.w.org\/{rel}","templated":true}]}}