{"id":5649,"date":"2024-09-24T15:51:58","date_gmt":"2024-09-24T13:51:58","guid":{"rendered":"https:\/\/rorlogistico.com\/avis-juridique\/"},"modified":"2024-10-14T10:01:02","modified_gmt":"2024-10-14T08:01:02","slug":"avis-juridique","status":"publish","type":"page","link":"https:\/\/rorlogistico.com\/fr\/avis-juridique\/","title":{"rendered":"Avis juridique"},"content":{"rendered":"\t\t<div data-elementor-type=\"wp-page\" data-elementor-id=\"5649\" class=\"elementor elementor-5649 elementor-4643\" data-elementor-post-type=\"page\">\n\t\t\t\t\t\t<section class=\"elementor-section elementor-top-section elementor-element elementor-element-4904456c elementor-section-boxed elementor-section-height-default elementor-section-height-default\" data-id=\"4904456c\" data-element_type=\"section\">\n\t\t\t\t\t\t<div class=\"elementor-container elementor-column-gap-default\">\n\t\t\t\t\t<div class=\"elementor-column elementor-col-100 elementor-top-column elementor-element elementor-element-2e3ea54\" data-id=\"2e3ea54\" data-element_type=\"column\">\n\t\t\t<div class=\"elementor-widget-wrap elementor-element-populated\">\n\t\t\t\t\t\t<div class=\"elementor-element elementor-element-57ba772 elementor-widget elementor-widget-heading\" data-id=\"57ba772\" data-element_type=\"widget\" data-widget_type=\"heading.default\">\n\t\t\t\t<div class=\"elementor-widget-container\">\n\t\t\t<style>\/*! elementor - v3.23.0 - 15-07-2024 *\/\n.elementor-heading-title{padding:0;margin:0;line-height:1}.elementor-widget-heading .elementor-heading-title[class*=elementor-size-]>a{color:inherit;font-size:inherit;line-height:inherit}.elementor-widget-heading .elementor-heading-title.elementor-size-small{font-size:15px}.elementor-widget-heading .elementor-heading-title.elementor-size-medium{font-size:19px}.elementor-widget-heading .elementor-heading-title.elementor-size-large{font-size:29px}.elementor-widget-heading .elementor-heading-title.elementor-size-xl{font-size:39px}.elementor-widget-heading .elementor-heading-title.elementor-size-xxl{font-size:59px}<\/style><h2 class=\"elementor-heading-title elementor-size-default\">Avis juridique<\/h2>\t\t<\/div>\n\t\t\t\t<\/div>\n\t\t\t\t\t<\/div>\n\t\t<\/div>\n\t\t\t\t\t<\/div>\n\t\t<\/section>\n\t\t\t\t<section class=\"elementor-section elementor-top-section elementor-element elementor-element-70a015ef elementor-section-boxed elementor-section-height-default elementor-section-height-default\" data-id=\"70a015ef\" data-element_type=\"section\">\n\t\t\t\t\t\t<div class=\"elementor-container elementor-column-gap-default\">\n\t\t\t\t\t<div class=\"elementor-column elementor-col-100 elementor-top-column elementor-element elementor-element-59c08d3f\" data-id=\"59c08d3f\" data-element_type=\"column\">\n\t\t\t<div class=\"elementor-widget-wrap elementor-element-populated\">\n\t\t\t\t\t\t<div class=\"elementor-element elementor-element-1607619c elementor-widget elementor-widget-text-editor\" data-id=\"1607619c\" data-element_type=\"widget\" data-widget_type=\"text-editor.default\">\n\t\t\t\t<div class=\"elementor-widget-container\">\n\t\t\t<style>\/*! elementor - v3.23.0 - 15-07-2024 *\/\n.elementor-widget-text-editor.elementor-drop-cap-view-stacked .elementor-drop-cap{background-color:#69727d;color:#fff}.elementor-widget-text-editor.elementor-drop-cap-view-framed .elementor-drop-cap{color:#69727d;border:3px solid;background-color:transparent}.elementor-widget-text-editor:not(.elementor-drop-cap-view-default) .elementor-drop-cap{margin-top:8px}.elementor-widget-text-editor:not(.elementor-drop-cap-view-default) .elementor-drop-cap-letter{width:1em;height:1em}.elementor-widget-text-editor .elementor-drop-cap{float:left;text-align:center;line-height:1;font-size:50px}.elementor-widget-text-editor .elementor-drop-cap-letter{display:inline-block}<\/style>\t\t\t\t<p><strong>AVIS JURIDIQUE SUR L&rsquo;ACC\u00c8S AUX SITES WEB DE ROR OPERADOR LOGISTICO<\/strong><\/p>\n<p>Le fournisseur, responsable du site web, met ce document \u00e0 la disposition des utilisateurs afin de respecter les obligations pr\u00e9vues par la loi 34\/2002 sur les services de la soci\u00e9t\u00e9 de l&rsquo;information et le commerce \u00e9lectronique (LSSI-CE), ainsi que pour informer tous les utilisateurs du site web des conditions d&rsquo;utilisation de ce dernier.<\/p>\n<p>Ce site Web a \u00e9t\u00e9 con\u00e7u par ROR Operador de Transportes S.L. (avec le nom commercial ROR Operador Log\u00edstico et, ci-apr\u00e8s, ROR OL), avec CIF B-24485807, si\u00e8ge social c\/ Las Granjas s\/n &#8211; 24391 Ribaseca (Le\u00f3n), et t\u00e9l\u00e9phone de contact 987280300, afin d&rsquo;offrir des informations sur ses services de logistique et de transport. En outre, l&rsquo;acc\u00e8s \u00e0 d&rsquo;autres informations, produits et services d&rsquo;entit\u00e9s autres que ROR OL peut \u00eatre incorpor\u00e9, ainsi que ceux qui deviennent accessibles par le biais des liens et connexions existants. ROR OL se r\u00e9serve le droit de modifier cette politique \u00e0 tout moment et \u00e0 sa discr\u00e9tion.<\/p>\n<p>Toute personne acc\u00e9dant \u00e0 ce site web assume le r\u00f4le d&rsquo;utilisateur et s&rsquo;engage \u00e0 observer et \u00e0 respecter scrupuleusement les dispositions du pr\u00e9sent document, ainsi que toute autre disposition l\u00e9gale applicable.<\/p>\n<p>Le fournisseur se r\u00e9serve le droit de modifier tout type d&rsquo;information pouvant figurer sur le site web, sans obligation de pr\u00e9avis ni d&rsquo;information des utilisateurs, la publication sur le site web du fournisseur \u00e9tant consid\u00e9r\u00e9e comme suffisante.<\/p>\n<p><strong><br><br>ACC\u00c8S ET UTILISATION<\/strong><\/p>\n<p>L&rsquo;acc\u00e8s \u00e0 ce site web, ainsi que l&rsquo;utilisation qui peut \u00eatre faite des informations et des contenus qu&rsquo;il contient, rel\u00e8vent de la responsabilit\u00e9 exclusive de l&rsquo;utilisateur.<\/p>\n<p>Les conditions d&rsquo;acc\u00e8s \u00e0 ce site sont soumises \u00e0 la l\u00e9gislation en vigueur et aux principes de bonne foi et d&rsquo;utilisation licite par l&rsquo;utilisateur, et tout type d&rsquo;action au d\u00e9triment de ROR OL ou de tiers est g\u00e9n\u00e9ralement interdit.<\/p>\n<p>L&rsquo;utilisation de ce site web \u00e0 des fins ill\u00e9gales ou non autoris\u00e9es est strictement interdite et donnera lieu \u00e0 des poursuites.<\/p>\n<p><strong><br><br>PROPRI\u00c9T\u00c9 INTELLECTUELLE ET INDUSTRIELLE<\/strong><\/p>\n<p>Les droits de propri\u00e9t\u00e9 intellectuelle du site rorlogistico.com, ses codes sources, sa conception, ses structures de navigation, ses bases de donn\u00e9es et les diff\u00e9rents \u00e9l\u00e9ments qu&rsquo;il contient sont la propri\u00e9t\u00e9 de ROR OL, qui a l&rsquo;exercice exclusif de tous les droits d&rsquo;exploitation de ceux-ci sous quelque forme que ce soit et, en particulier, des droits de reproduction, de distribution, de communication publique et de transformation, conform\u00e9ment \u00e0 la l\u00e9gislation espagnole et \u00e0 la l\u00e9gislation de l&rsquo;Union europ\u00e9enne applicables en la mati\u00e8re.<\/p>\n<p>ROR OL est titulaire des droits de propri\u00e9t\u00e9 industrielle relatifs \u00e0 ses produits et services, et notamment ceux relatifs au nom commercial \u00ab\u00a0ROR OPERADOR LOGISTICO\u00a0\u00bb.<\/p>\n<p>En ce qui concerne les offres de produits et services de tiers, ROR OL reconna\u00eet les droits de propri\u00e9t\u00e9 industrielle et intellectuelle correspondants en faveur de leurs propri\u00e9taires. Leur mention ou leur apparition sur le site n&rsquo;implique pas l&rsquo;existence d&rsquo;un droit ou d&rsquo;une responsabilit\u00e9 de ROR OL \u00e0 leur \u00e9gard, ni leur approbation, leur parrainage ou leur recommandation par ROR OL, sauf mention expresse.<\/p>\n<p><strong><br><br>PROTECTION DES DONN\u00c9ES PERSONNELLES<\/strong><\/p>\n<p>Conform\u00e9ment aux dispositions du r\u00e8glement UE 2016\/679 et de la loi organique 3\/2018 sur la protection des donn\u00e9es personnelles, les donn\u00e9es fournies par l&rsquo;utilisateur peuvent \u00eatre incluses dans des fichiers automatis\u00e9s, qui seront trait\u00e9s exclusivement aux fins d\u00e9crites, comme sp\u00e9cifi\u00e9 dans chaque formulaire.<\/p>\n<p>Dans le cas particulier du formulaire de contact de ce site web, les donn\u00e9es fournies ne seront utilis\u00e9es que pour contacter la personne int\u00e9ress\u00e9e et ne seront pas transmises \u00e0 des tiers. De m\u00eame, aucune publicit\u00e9 ne sera envoy\u00e9e \u00e0 moins que l&rsquo;utilisateur ne le demande express\u00e9ment.<\/p>\n<p>Les donn\u00e9es \u00e0 caract\u00e8re personnel seront trait\u00e9es avec le degr\u00e9 de protection appropri\u00e9, en prenant les mesures de s\u00e9curit\u00e9 n\u00e9cessaires pour \u00e9viter leur alt\u00e9ration, leur perte, leur traitement non autoris\u00e9 ou leur acc\u00e8s par des tiers. En tant que responsable du fichier, ROR OL s&rsquo;engage \u00e0 respecter son obligation de confidentialit\u00e9 des donn\u00e9es personnelles et son obligation de les conserver, et adoptera les mesures n\u00e9cessaires pour \u00e9viter leur alt\u00e9ration, perte, traitement ou acc\u00e8s non autoris\u00e9, en tenant compte de l&rsquo;\u00e9tat de la technologie \u00e0 tout moment.<\/p>\n<p>Les utilisateurs peuvent exercer leurs droits d&rsquo;acc\u00e8s, de rectification, d&rsquo;effacement, de limitation du traitement, d&rsquo;opposition et de portabilit\u00e9, conform\u00e9ment aux dispositions du r\u00e8glement UE 2016\/679 et de la loi organique 3\/2018, ou pour toute demande ou commentaire personnel \u00e0 cet \u00e9gard, en envoyant une notification par courrier aux adresses postales indiqu\u00e9es ci-dessus, ou par courrier \u00e9lectronique \u00e0 l&rsquo;adresse rgpd@ror-sl.com (en joignant une copie num\u00e9ris\u00e9e du D. Vous pouvez \u00e9galement d\u00e9poser votre demande en personne dans nos bureaux, sans que ce service ne donne lieu \u00e0 une quelconque contrepartie.<\/p>\n<p>L&rsquo;origine des donn\u00e9es sera la personne concern\u00e9e, et la l\u00e9gitimit\u00e9 du traitement de ces donn\u00e9es sera le consentement de la personne concern\u00e9e en cochant la case d&rsquo;acceptation de la pr\u00e9sente politique de confidentialit\u00e9.<\/p>\n<p>De m\u00eame, conform\u00e9ment \u00e0 l&rsquo;article 21 de la loi 34\/2002, du 11 juillet, sur les services de la soci\u00e9t\u00e9 de l&rsquo;information et le commerce \u00e9lectronique, ROR OL n&rsquo;enverra pas de communications publicitaires par courrier \u00e9lectronique qui n&rsquo;ont pas \u00e9t\u00e9 autoris\u00e9es ou demand\u00e9es par les utilisateurs.<\/p>\n<p><strong><br><br>SOMMAIRE<\/strong><\/p>\n<p>Le contenu de ce site a \u00e9t\u00e9 pr\u00e9par\u00e9 \u00e0 partir d&rsquo;informations provenant de sources internes de ROR OL, ainsi que d&rsquo;autres sources externes.<\/p>\n<p>ROR OL n&rsquo;est pas responsable des dommages de toute nature qui pourraient r\u00e9sulter de l&rsquo;utilisation des informations contenues dans ce site.<\/p>\n<p>ROR OL ne garantit pas que les informations contenues dans ce site web sont totalement exactes, ni qu&rsquo;elles ont \u00e9t\u00e9 v\u00e9rifi\u00e9es, ni qu&rsquo;elles sont compl\u00e8tes ou mises \u00e0 jour, et d\u00e9cline toute responsabilit\u00e9 quant \u00e0 la fiabilit\u00e9, l&rsquo;utilit\u00e9, la v\u00e9racit\u00e9, la l\u00e9galit\u00e9, l&rsquo;exactitude, l&rsquo;exhaustivit\u00e9 et\/ou la pertinence des donn\u00e9es ou des informations contenues dans le contenu de ce site web, ainsi qu&rsquo;\u00e0 l&rsquo;\u00e9gard de toute violation de la confiance qu&rsquo;une personne pourrait accorder \u00e0 de telles informations.<\/p>\n<p>Par cons\u00e9quent, avant de prendre une d\u00e9cision ou d&rsquo;entreprendre une action, ROR OL recommande \u00e0 l&rsquo;utilisateur de v\u00e9rifier les informations re\u00e7ues aupr\u00e8s d&rsquo;autres sources qu&rsquo;il juge appropri\u00e9es.<\/p>\n<p>Ce site web fournit des informations sur des services destin\u00e9s \u00e0 la connaissance du public, qui seront en tout \u00e9tat de cause soumis aux termes et conditions express\u00e9ment d\u00e9taill\u00e9s \u00e0 tout moment et qui sont accessibles \u00e0 partir de ce site web, lequel sera soumis aux diff\u00e9rentes dispositions l\u00e9gales applicables.<\/p>\n<p>Ce site web ne contient pas de publicit\u00e9 de tiers et ne re\u00e7oit donc aucun avantage financier de cette publicit\u00e9.<\/p>\n<p><strong><br><br>POLITIQUE EN MATI\u00c8RE DE COOKIES<\/strong><\/p>\n<p>Ce site Web utilise uniquement des cookies techniques, dont le but est de garantir le fonctionnement ininterrompu des pages Web.<\/p>\n<p>ROR OL n&rsquo;acc\u00e8de \u00e0 aucun moment aux informations que ce cookie peut stocker, et celles-ci sont automatiquement supprim\u00e9es lorsque vous quittez nos pages.<\/p>\n<p>Selon la l\u00e9gislation en vigueur, ce type de \u00ab cookie \u00bb ne n\u00e9cessite pas le consentement de l&rsquo;utilisateur.<\/p>\n<p><strong><br><br>EXON\u00c9RATION DE RESPONSABILIT\u00c9<\/strong><\/p>\n<p>ROR OL n&rsquo;est en aucun cas responsable de tout type de dommage direct ou indirect que les utilisateurs pourraient causer \u00e0 ce site Web, ou \u00e0 tout autre, en raison de l&rsquo;utilisation ill\u00e9gale ou inappropri\u00e9e de celui-ci, ou des contenus et informations accessibles ou facilit\u00e9s par son interm\u00e9diaire.<\/p>\n<p>ROR OL, malgr\u00e9 les mesures de s\u00e9curit\u00e9 adopt\u00e9es, pr\u00e9vient que le site Web n&rsquo;est pas imprenable, c&rsquo;est pourquoi il ne peut contr\u00f4ler ou garantir l&rsquo;absence de virus ou d&rsquo;autres \u00e9l\u00e9ments dans le contenu qui pourraient provoquer des alt\u00e9rations dans le syst\u00e8me informatique (logiciel ou mat\u00e9riel) du utilisateur ou dans ses documents et fichiers \u00e9lectroniques.<\/p>\n<p><strong><br><br>SERVICE<\/strong><\/p>\n<p>ROR OL se r\u00e9serve le droit de suspendre l&rsquo;acc\u00e8s \u00e0 son site web, sans avis pr\u00e9alable, \u00e0 sa discr\u00e9tion et temporairement, pour des raisons techniques ou autres, et peut \u00e9galement modifier unilat\u00e9ralement tant les conditions d&rsquo;acc\u00e8s que tout ou partie des contenus qui y figurent.<\/p>\n<p><strong><br><br>LIENS VERS DES SITES DE TIERS<\/strong><\/p>\n<p>Les liens de cette zone vous permettront de quitter le site rorlogistico.com. Les sites li\u00e9s ne sont pas sous le contr\u00f4le de ROR OL et la soci\u00e9t\u00e9 n&rsquo;est pas responsable du contenu des liens contenus dans les sites li\u00e9s, ni des modifications ou mises \u00e0 jour apport\u00e9es \u00e0 ces sites. ROR OL n&rsquo;est pas responsable des actes de \u00ab webdiffusion \u00bb ou de toute autre forme de transmission effectu\u00e9s \u00e0 partir d&rsquo;un site li\u00e9. ROR OL ne fournit ces liens que pour votre commodit\u00e9 et votre utilisation, et l&rsquo;inclusion de tout lien n&rsquo;implique pas l&rsquo;approbation du site par ROR OL.<\/p>\n<p>ROR OL informe que la fonction des \u00ab&nbsp;liens&nbsp;\u00bb qui apparaissent sur ses pages est exclusivement d&rsquo;informer l&rsquo;utilisateur de l&rsquo;existence d&rsquo;autres sources d&rsquo;information sur le sujet sur Internet, o\u00f9 il peut \u00e9largir les donn\u00e9es propos\u00e9es sur ce site Web. Ces \u00ab liens \u00bb ne constituent pas une suggestion, une invitation ou une recommandation de visiter les lieux de destination, et par cons\u00e9quent, ROR OL ne sera pas responsable des r\u00e9sultats obtenus gr\u00e2ce auxdits liens.<\/p>\n<p><strong><br><br>LIENS AVEC DES SITES DE TIERS<\/strong><\/p>\n<p>Les personnes qui souhaitent \u00e9tablir un lien hypertexte de leur site web vers le pr\u00e9sent site web doivent respecter les conditions suivantes :<\/p>\n<ul>\n<li>L&rsquo;hyperlien permettra uniquement d&rsquo;acc\u00e9der aux pages web de ce site, mais ne pourra pas les reproduire sous quelque forme que ce soit.<\/li>\n<li>L&rsquo;hyperlien ne sera \u00e9tabli que vers la page d&rsquo;accueil de ce site web. Aucun navigateur ou cadre de navigateur ne sera cr\u00e9\u00e9 sur les pages web de ce site.<\/li>\n<li>Aucune d\u00e9claration ou indication fausse, inexacte ou incorrecte ne sera faite sur les pages web de ce site web, et, en particulier, il ne sera pas affirm\u00e9 ou donn\u00e9 \u00e0 entendre que ROR OL a autoris\u00e9 l&rsquo;hyperlien ou qu&rsquo;il a supervis\u00e9 ou assum\u00e9 de quelque mani\u00e8re que ce soit le contenu ou les services offerts ou mis \u00e0 disposition sur la page web sur laquelle l&rsquo;hyperlien est \u00e9tabli.<\/li>\n<li>\u00c0 l&rsquo;exception des signes qui font partie du lien hypertexte lui-m\u00eame, la page web sur laquelle le lien hypertexte est \u00e9tabli ne doit contenir aucune marque, aucun nom commercial, aucun signe d&rsquo;\u00e9tablissement, aucune d\u00e9nomination, aucun logo, aucun slogan ni aucun autre signe distinctif appartenant \u00e0 ROR OL.<\/li>\n<li>Le site web sur lequel l&rsquo;hyperlien est \u00e9tabli ne doit pas contenir d&rsquo;informations ou de contenus illicites, contraires \u00e0 la morale et aux bonnes m\u0153urs g\u00e9n\u00e9ralement accept\u00e9es et \u00e0 l&rsquo;ordre public, ni de contenus contraires aux droits d&rsquo;un tiers.<\/li>\n<\/ul>\n<p>L&rsquo;\u00e9tablissement du lien hypertexte n&rsquo;implique en aucun cas l&rsquo;existence d&rsquo;une relation entre ROR OL et le propri\u00e9taire de la page web dans laquelle il est \u00e9tabli, ni l&rsquo;acceptation et l&rsquo;approbation par ROR OL de son contenu ou de ses services.<\/p>\n<p><strong><br><br>G\u00c9N\u00c9RALIT\u00c9S<\/strong><\/p>\n<p>L&rsquo;acc\u00e8s au site web rorlogistico.com implique l&rsquo;acceptation de toutes et chacune des conditions susmentionn\u00e9es.<\/p>\n<p>Si une disposition des pr\u00e9sentes conditions g\u00e9n\u00e9rales d&rsquo;utilisation de ce site web devait \u00eatre d\u00e9clar\u00e9e ill\u00e9gale, nulle ou inapplicable pour quelque raison que ce soit, cette disposition serait consid\u00e9r\u00e9e comme dissociable des autres dispositions et n&rsquo;affecterait pas la validit\u00e9 et l&rsquo;applicabilit\u00e9 des autres dispositions.<\/p>\n<p>Les droits de propri\u00e9t\u00e9 intellectuelle sur le contenu de ce site appartiennent \u00e0 ROR OL ou \u00e0 des tiers qui ont accord\u00e9 une licence \u00e0 ROR OL. Toutefois, toute personne est autoris\u00e9e \u00e0 obtenir une copie priv\u00e9e du contenu de ce site dans les conditions suivantes :<\/p>\n<ul>\n<li>Le mat\u00e9riel copi\u00e9 doit \u00eatre utilis\u00e9 \u00e0 des fins non commerciales.<\/li>\n<li>Les copies doivent reproduire et respecter toutes les mentions de copyright contenues dans le mat\u00e9riel original.<\/li>\n<li>Les produits, technologies ou proc\u00e9d\u00e9s d\u00e9crits sur ce site peuvent \u00eatre soumis \u00e0 d&rsquo;autres droits de propri\u00e9t\u00e9 intellectuelle de ROR OL ou d&rsquo;un tiers. Aucune licence n&rsquo;est accord\u00e9e en ce qui concerne ces autres droits de propri\u00e9t\u00e9 intellectuelle.<\/li>\n<li>Les images reproduites sur ce site sont prot\u00e9g\u00e9es par le droit d&rsquo;auteur et ne peuvent \u00eatre reproduites ou appropri\u00e9es de quelque mani\u00e8re que ce soit sans l&rsquo;autorisation \u00e9crite du ou des d\u00e9tenteurs du droit d&rsquo;auteur.<\/li>\n<\/ul>\n<p>Pour toute question litigieuse ou concernant le site web rorlogistico.com, la l\u00e9gislation espagnole sera applicable, et les cours et tribunaux espagnols de la ville de Le\u00f3n seront exclusivement comp\u00e9tents pour r\u00e9soudre tous les conflits d\u00e9coulant de ou li\u00e9s \u00e0 l&rsquo;utilisation de ce site web.<\/p>\t\t\t\t\t\t<\/div>\n\t\t\t\t<\/div>\n\t\t\t\t\t<\/div>\n\t\t<\/div>\n\t\t\t\t\t<\/div>\n\t\t<\/section>\n\t\t\t\t<\/div>\n\t\t","protected":false},"excerpt":{"rendered":"<p>Avis juridique AVIS JURIDIQUE SUR L&rsquo;ACC\u00c8S AUX SITES WEB DE ROR OPERADOR LOGISTICO Le fournisseur, responsable du site web, met [&hellip;]<\/p>\n","protected":false},"author":1,"featured_media":0,"parent":0,"menu_order":0,"comment_status":"closed","ping_status":"closed","template":"","meta":{"_monsterinsights_skip_tracking":false,"_monsterinsights_sitenote_active":false,"_monsterinsights_sitenote_note":"","_monsterinsights_sitenote_category":0,"_uf_show_specific_survey":0,"_uf_disable_surveys":false,"site-sidebar-layout":"no-sidebar","site-content-layout":"","ast-site-content-layout":"full-width-container","site-content-style":"default","site-sidebar-style":"default","ast-global-header-display":"","ast-banner-title-visibility":"","ast-main-header-display":"","ast-hfb-above-header-display":"","ast-hfb-below-header-display":"","ast-hfb-mobile-header-display":"","site-post-title":"disabled","ast-breadcrumbs-content":"","ast-featured-img":"disabled","footer-sml-layout":"","theme-transparent-header-meta":"default","adv-header-id-meta":"","stick-header-meta":"","header-above-stick-meta":"","header-main-stick-meta":"","header-below-stick-meta":"","astra-migrate-meta-layouts":"default","ast-page-background-enabled":"default","ast-page-background-meta":{"desktop":{"background-color":"var(--ast-global-color-4)","background-image":"","background-repeat":"repeat","background-position":"center center","background-size":"auto","background-attachment":"scroll","background-type":"","background-media":"","overlay-type":"","overlay-color":"","overlay-opacity":"","overlay-gradient":""},"tablet":{"background-color":"","background-image":"","background-repeat":"repeat","background-position":"center center","background-size":"auto","background-attachment":"scroll","background-type":"","background-media":"","overlay-type":"","overlay-color":"","overlay-opacity":"","overlay-gradient":""},"mobile":{"background-color":"","background-image":"","background-repeat":"repeat","background-position":"center center","background-size":"auto","background-attachment":"scroll","background-type":"","background-media":"","overlay-type":"","overlay-color":"","overlay-opacity":"","overlay-gradient":""}},"ast-content-background-meta":{"desktop":{"background-color":"var(--ast-global-color-5)","background-image":"","background-repeat":"repeat","background-position":"center center","background-size":"auto","background-attachment":"scroll","background-type":"","background-media":"","overlay-type":"","overlay-color":"","overlay-opacity":"","overlay-gradient":""},"tablet":{"background-color":"var(--ast-global-color-5)","background-image":"","background-repeat":"repeat","background-position":"center center","background-size":"auto","background-attachment":"scroll","background-type":"","background-media":"","overlay-type":"","overlay-color":"","overlay-opacity":"","overlay-gradient":""},"mobile":{"background-color":"var(--ast-global-color-5)","background-image":"","background-repeat":"repeat","background-position":"center center","background-size":"auto","background-attachment":"scroll","background-type":"","background-media":"","overlay-type":"","overlay-color":"","overlay-opacity":"","overlay-gradient":""}},"footnotes":""},"class_list":["post-5649","page","type-page","status-publish","hentry"],"_links":{"self":[{"href":"https:\/\/rorlogistico.com\/fr\/wp-json\/wp\/v2\/pages\/5649","targetHints":{"allow":["GET"]}}],"collection":[{"href":"https:\/\/rorlogistico.com\/fr\/wp-json\/wp\/v2\/pages"}],"about":[{"href":"https:\/\/rorlogistico.com\/fr\/wp-json\/wp\/v2\/types\/page"}],"author":[{"embeddable":true,"href":"https:\/\/rorlogistico.com\/fr\/wp-json\/wp\/v2\/users\/1"}],"replies":[{"embeddable":true,"href":"https:\/\/rorlogistico.com\/fr\/wp-json\/wp\/v2\/comments?post=5649"}],"version-history":[{"count":6,"href":"https:\/\/rorlogistico.com\/fr\/wp-json\/wp\/v2\/pages\/5649\/revisions"}],"predecessor-version":[{"id":5655,"href":"https:\/\/rorlogistico.com\/fr\/wp-json\/wp\/v2\/pages\/5649\/revisions\/5655"}],"wp:attachment":[{"href":"https:\/\/rorlogistico.com\/fr\/wp-json\/wp\/v2\/media?parent=5649"}],"curies":[{"name":"wp","href":"https:\/\/api.w.org\/{rel}","templated":true}]}}