{"id":5711,"date":"2024-09-24T15:51:58","date_gmt":"2024-09-24T13:51:58","guid":{"rendered":"https:\/\/rorlogistico.com\/avis-legal\/"},"modified":"2024-10-14T17:31:06","modified_gmt":"2024-10-14T15:31:06","slug":"avis-legal","status":"publish","type":"page","link":"https:\/\/rorlogistico.com\/ca\/avis-legal\/","title":{"rendered":"Av\u00eds legal"},"content":{"rendered":"\t\t<div data-elementor-type=\"wp-page\" data-elementor-id=\"5711\" class=\"elementor elementor-5711 elementor-4643\" data-elementor-post-type=\"page\">\n\t\t\t\t\t\t<section class=\"elementor-section elementor-top-section elementor-element elementor-element-4904456c elementor-section-boxed elementor-section-height-default elementor-section-height-default\" data-id=\"4904456c\" data-element_type=\"section\">\n\t\t\t\t\t\t<div class=\"elementor-container elementor-column-gap-default\">\n\t\t\t\t\t<div class=\"elementor-column elementor-col-100 elementor-top-column elementor-element elementor-element-2e3ea54\" data-id=\"2e3ea54\" data-element_type=\"column\">\n\t\t\t<div class=\"elementor-widget-wrap elementor-element-populated\">\n\t\t\t\t\t\t<div class=\"elementor-element elementor-element-57ba772 elementor-widget elementor-widget-heading\" data-id=\"57ba772\" data-element_type=\"widget\" data-widget_type=\"heading.default\">\n\t\t\t\t<div class=\"elementor-widget-container\">\n\t\t\t<style>\/*! elementor - v3.23.0 - 15-07-2024 *\/\n.elementor-heading-title{padding:0;margin:0;line-height:1}.elementor-widget-heading .elementor-heading-title[class*=elementor-size-]>a{color:inherit;font-size:inherit;line-height:inherit}.elementor-widget-heading .elementor-heading-title.elementor-size-small{font-size:15px}.elementor-widget-heading .elementor-heading-title.elementor-size-medium{font-size:19px}.elementor-widget-heading .elementor-heading-title.elementor-size-large{font-size:29px}.elementor-widget-heading .elementor-heading-title.elementor-size-xl{font-size:39px}.elementor-widget-heading .elementor-heading-title.elementor-size-xxl{font-size:59px}<\/style><h2 class=\"elementor-heading-title elementor-size-default\">Av\u00eds legal<\/h2>\t\t<\/div>\n\t\t\t\t<\/div>\n\t\t\t\t\t<\/div>\n\t\t<\/div>\n\t\t\t\t\t<\/div>\n\t\t<\/section>\n\t\t\t\t<section class=\"elementor-section elementor-top-section elementor-element elementor-element-70a015ef elementor-section-boxed elementor-section-height-default elementor-section-height-default\" data-id=\"70a015ef\" data-element_type=\"section\">\n\t\t\t\t\t\t<div class=\"elementor-container elementor-column-gap-default\">\n\t\t\t\t\t<div class=\"elementor-column elementor-col-100 elementor-top-column elementor-element elementor-element-59c08d3f\" data-id=\"59c08d3f\" data-element_type=\"column\">\n\t\t\t<div class=\"elementor-widget-wrap elementor-element-populated\">\n\t\t\t\t\t\t<div class=\"elementor-element elementor-element-1607619c elementor-widget elementor-widget-text-editor\" data-id=\"1607619c\" data-element_type=\"widget\" data-widget_type=\"text-editor.default\">\n\t\t\t\t<div class=\"elementor-widget-container\">\n\t\t\t<style>\/*! elementor - v3.23.0 - 15-07-2024 *\/\n.elementor-widget-text-editor.elementor-drop-cap-view-stacked .elementor-drop-cap{background-color:#69727d;color:#fff}.elementor-widget-text-editor.elementor-drop-cap-view-framed .elementor-drop-cap{color:#69727d;border:3px solid;background-color:transparent}.elementor-widget-text-editor:not(.elementor-drop-cap-view-default) .elementor-drop-cap{margin-top:8px}.elementor-widget-text-editor:not(.elementor-drop-cap-view-default) .elementor-drop-cap-letter{width:1em;height:1em}.elementor-widget-text-editor .elementor-drop-cap{float:left;text-align:center;line-height:1;font-size:50px}.elementor-widget-text-editor .elementor-drop-cap-letter{display:inline-block}<\/style>\t\t\t\t<p><strong>AV\u00cdS LEGAL SOBRE L&#8217;ACC\u00c9S A LES P\u00c0GINES WEB DE ROR OPERADOR LOG\u00cdSTIC<\/strong><\/p>\n<p>El prestador, responsable del lloc web, posa a disposici\u00f3 dels usuaris el present document amb el qual tracta de donar compliment a les obligacions dispostes en la Llei 34\/2002, de Serveis de la Societat de la Informaci\u00f3 i del Comer\u00e7 Electr\u00f2nic (LSSI-CE), aix\u00ed com informar a tots els usuaris del lloc web respecte a quines s\u00f3n les condicions d&#8217;\u00fas del mateix.<\/p>\n<p>La present p\u00e0gina web ha estat dissenyada per ROR Operador de Transports S.L (amb nom comercial ROR Operador Log\u00edstic i, en endavant ROR OL), amb CIF B-24485807, seu a c\/ Les Granjas s\/n \u2013 24391 Ribaseca (Lle\u00f3), i tel\u00e8fon de contacte 987280300, per oferir informaci\u00f3 sobre els seus serveis de log\u00edstica i transport. A m\u00e9s, es pot incorporar l&#8217;acc\u00e9s a altres informacions, productes i serveis d&#8217;entitats diferents a ROR OL, aix\u00ed com aquelles que devin accessibles a trav\u00e9s dels enlla\u00e7os i connexions existents.<br \/>ROR OL, es reserva el dret a modificar en qualsevol moment la present pol\u00edtica a la seva discreci\u00f3.<\/p>\n<p>Tota persona que accedeixi a aquest lloc web assumeix el paper d&#8217;usuari, comprometent-se a l&#8217;observan\u00e7a i compliment rigor\u00f3s de les disposicions aqu\u00ed dispostes, aix\u00ed com a qualsevol altra disposici\u00f3 legal que fos d&#8217;aplicaci\u00f3.<\/p>\n<p>El prestador es reserva el dret a modificar qualsevol tipus d&#8217;informaci\u00f3 que pogu\u00e9s apar\u00e8ixer al lloc web, sense que existeixi obligaci\u00f3 d&#8217;avisar pr\u00e8viament o posar en coneixement dels usuaris dites obligacions, entenent-se com a suficient amb la publicaci\u00f3 al lloc web del prestador.<\/p>\n<p>\u00a0<\/p>\n<p><strong>ACCES I \u00daS<\/strong><\/p>\n<p>Tant l&#8217;acc\u00e9s a aquesta p\u00e0gina web, com l&#8217;\u00fas que es pugui fer de la informaci\u00f3 i continguts inclosos en la mateixa, ser\u00e0 de l&#8217;exclusiva responsabilitat de qui ho realitzi.<\/p>\n<p>Les condicions d&#8217;acc\u00e9s a aquesta web estaran supeditades a la legalitat vigent i els principis de la bona fe i \u00fas l\u00edcit per part de l&#8217;usuari de la mateixa, quedant prohibit amb car\u00e0cter general qualsevol tipus d&#8217;actuaci\u00f3 en perjudici de ROR OL o de tercers.<\/p>\n<p>L&#8217;\u00fas de la present p\u00e0gina web amb fins il\u00b7legals o no autoritzats queda terminantment prohibit i desencadenar\u00e0 les accions judicials que procedeixin.<\/p>\n<p>\u00a0<\/p>\n<p><strong>PROPIETAT INTEL\u00b7LECTUAL I INDUSTRIAL<\/strong><\/p>\n<p>Els drets de propietat intel\u00b7lectual de la p\u00e0gina rorlogistic.com, els seus codis font, disseny, estructures de navegaci\u00f3, bases de dades i els diferents elements en ella continguts s\u00f3n titularitat de ROR OL, a qui correspon l&#8217;exercici exclusiu de tots els drets d&#8217;explotaci\u00f3 dels mateixos en qualsevol forma i, en especial, els drets de reproducci\u00f3, distribuci\u00f3, comunicaci\u00f3 p\u00fablica i transformaci\u00f3, d&#8217;acord amb la legislaci\u00f3 espanyola i de la Uni\u00f3 Europea aplicable.<\/p>\n<p>ROR OL \u00e9s titular dels drets de propietat industrial referits als seus productes i serveis, i espec\u00edficament dels relatius al nom comercial \u201cROR OPERADOR LOG\u00cdSTIC\u201d.<br \/>Respecte a les cites de productes i serveis de tercers, ROR OL reconeix a favor dels seus titulars els corresponents drets de propietat industrial i intel\u00b7lectual. La seva menci\u00f3 o aparici\u00f3 a la web no implica l&#8217;exist\u00e8ncia de drets o responsabilitat alguna de ROR OL sobre els mateixos, com tampoc suport, patrocini o recomanaci\u00f3 per part de ROR OL, a no ser que es manifesti de forma expressa.<\/p>\n<p>\u00a0<\/p>\n<p><strong>PROTECCI\u00d3 DE DADES DE CAR\u00c0CTER PERSONAL<\/strong><\/p>\n<p>De conformitat amb el que s&#8217;estableix en el Reglament UE 2016\/679 i la Llei Org\u00e0nica 3\/2018 de protecci\u00f3 de dades personals, les dades facilitades per l&#8217;usuari podran quedar incorporades en fitxers automatitzats, els quals seran tractats exclusivament per a la finalitat descrita, segons s&#8217;especifiqui en cada formulari.<\/p>\n<p>En el cas particular del formulari de contacte d&#8217;aquesta p\u00e0gina web, \u00fanicament es tractaran les dades facilitades per contactar amb l&#8217;interessat i no seran cedides a tercers. Tampoc s&#8217;enviar\u00e0 publicitat a menys que l&#8217;usuari ho sol\u00b7liciti expressament.<\/p>\n<p>Les dades de car\u00e0cter personal seran tractades amb el grau de protecci\u00f3 adequat prenent les mesures de seguretat necess\u00e0ries per evitar la seva alteraci\u00f3, p\u00e8rdua, tractament o acc\u00e9s no autoritzat per part de tercers. Com a responsable del fitxer, ROR OL es compromet al compliment de la seva obligaci\u00f3 de secret de les dades de car\u00e0cter personal i del seu deure de guardar-les, i adoptar\u00e0 les mesures necess\u00e0ries per evitar la seva alteraci\u00f3, p\u00e8rdua, tractament o acc\u00e9s no autoritzat, tenint en compte en tot moment l&#8217;estat de la tecnologia.<\/p>\n<p>L&#8217;usuari podr\u00e0 exercir els seus drets d&#8217;acc\u00e9s, rectificaci\u00f3, supressi\u00f3, limitaci\u00f3 del tractament, oposici\u00f3 i portabilitat, en compliment del que s&#8217;estableix en el Reglament UE 2016\/679 i en la Llei Org\u00e0nica 3\/2018, o b\u00e9 per a qualsevol consulta o comentari personal al respecte, mitjan\u00e7ant l&#8217;enviament d&#8217;una notificaci\u00f3 per correu postal a les adreces postals anteriorment indicades, o b\u00e9 per correu electr\u00f2nic a l&#8217;adre\u00e7a rgpd@ror-sl.com (adjuntant c\u00f2pia escanejada del DNI, passaport o un altre document identificatiu reconegut legalment). Tamb\u00e9 podr\u00e0 entregar la seva sol\u00b7licitud personalment a les nostres oficines, sense que en cap cas aquest servei impliqui contraprestaci\u00f3 alguna.<\/p>\n<p>L&#8217;origen de les dades ser\u00e0 el mateix interessat, i la legitimaci\u00f3 per al tractament dels mateixos ser\u00e0 el consentiment de l&#8217;interessat mitjan\u00e7ant el marcat de la casella d&#8217;acceptaci\u00f3 de la present pol\u00edtica de privacitat.<\/p>\n<p>Igualment, en compliment de l&#8217;article 21 de la Llei 34\/2002, de 11 de juliol, de Serveis de la Societat de la Informaci\u00f3 i de Comer\u00e7 Electr\u00f2nic, ROR OL no enviar\u00e0 per correu electr\u00f2nic comunicacions publicit\u00e0ries que no hagin estat autoritzades o sol\u00b7licitades pels usuaris.<\/p>\n<p>\u00a0<\/p>\n<p><strong>CONTINGUTS<\/strong><\/p>\n<p>Els continguts facilitats en aquesta web han estat elaborats amb informaci\u00f3 procedent tant de fonts internes de ROR OL, com d&#8217;altres fonts externes.<\/p>\n<p>ROR OL no es responsabilitza de cap dany o perjudici de qualsevol naturalesa que pugui derivar-se de l&#8217;\u00fas de la informaci\u00f3 continguda en aquest lloc web.<\/p>\n<p>ROR OL no garanteix que la informaci\u00f3 continguda en aquest lloc web sigui totalment exacta, ni que hagi estat verificada, ni que sigui completa ni actualitzada, i no accepta responsabilitat alguna sobre la completa fiabilitat, utilitat, veracitat, licitud, exactitud, exhaustivitat, i\/o pertin\u00e8ncia de les dades o informacions recollides en els continguts d&#8217;aquest lloc web, ni tampoc es responsabilitza per la defraudaci\u00f3 de la confian\u00e7a que qualsevol persona pugui dipositar en dita informaci\u00f3.<\/p>\n<p>Per aix\u00f2, abans de prendre cap decisi\u00f3 o realitzar cap acci\u00f3, ROR OL recomana a l&#8217;usuari contrastar la informaci\u00f3 rebuda amb altres fonts que consideri oportunes.<\/p>\n<p>Es facilita a trav\u00e9s d&#8217;aquesta web informaci\u00f3 sobre serveis destinats a coneixement p\u00fablic que en tot cas se subjectaran als termes i condicions expressament detallats en cada moment i que s\u00f3n accessibles des d&#8217;aquesta p\u00e0gina web, els quals se subjectaran a les diferents disposicions legals d&#8217;aplicaci\u00f3.<\/p>\n<p>Aquesta p\u00e0gina web no inclou publicitat de tercers i per tant no percep cap benefici econ\u00f2mic per dit concepte.<\/p>\n<p>\u00a0<\/p>\n<p><strong>POL\u00cdTICA DE \u00abCOOKIES\u00bb<\/strong><\/p>\n<p>El present lloc web \u00fanicament utilitza cookies t\u00e8cniques, la finalitat de les quals consisteix en garantir el funcionament ininterromput de les p\u00e0gines web.<\/p>\n<p>ROR OL no accedeix en cap moment a la informaci\u00f3 que pugui emmagatzemar dita cookie, i \u00e9s eliminada autom\u00e0ticament al sortir de les nostres p\u00e0gines.<\/p>\n<p>En virtut de la legislaci\u00f3 actual, aquest tipus de \u00abcookie\u00bb no requereix el consentiment de l&#8217;usuari.<\/p>\n<p>\u00a0<\/p>\n<p><strong>EXEMPCI\u00d3 DE RESPONSABILITAT<\/strong><\/p>\n<p>ROR OL no es fa responsable sota cap concepte per cap tipus de dany directe o indirecte que poguessin ocasionar els usuaris a la present p\u00e0gina web, o a qualsevol altra, per l&#8217;\u00fas il\u00b7legal o indegut de la mateixa, o dels continguts i informacions accessibles o facilitades a trav\u00e9s d&#8217;ella.<\/p>\n<p>ROR OL, malgrat les mesures de seguretat adoptades, adverteix que el lloc web no \u00e9s inexpugnable, per la qual cosa no pot controlar ni garantir l&#8217;abs\u00e8ncia de virus ni d&#8217;altres elements en els continguts que puguin produir alteracions en el sistema inform\u00e0tic (programari o maquinari) de l&#8217;usuari o en els seus documents electr\u00f2nics i fitxers.<\/p>\n<p>\u00a0<\/p>\n<p><strong>SERVEI<\/strong><\/p>\n<p>ROR OL es reserva el dret de suspendre l&#8217;acc\u00e9s a la seva p\u00e0gina web, sense previ av\u00eds, de forma discrecional i temporal, per raons t\u00e8cniques o de qualsevol altra \u00edndole, podent tamb\u00e9 modificar unilateralment tant les condicions d&#8217;acc\u00e9s, com la totalitat o part dels continguts en ella inclosos.<\/p>\n<p>\u00a0<\/p>\n<p><strong>ENLLA\u00c7OS A P\u00c0GINES DE TERCERS<\/strong><\/p>\n<p>Els enlla\u00e7os en aquesta \u00e0rea li permetran deixar el lloc rorlogistico.com. Els llocs enlla\u00e7ats no estan controlats per ROR OL i l&#8217;empresa no es fa responsable dels continguts de cap enlla\u00e7 que es trobi en qualsevol lloc enlla\u00e7at, ni de cap canvi o actualitzaci\u00f3 de tals llocs. ROR OL no es fa responsable d&#8217;actes de \u00abwebcasting\u00bb o qualsevol altra forma de transmissi\u00f3 efectuada des de qualsevol lloc enlla\u00e7at. ROR OL nom\u00e9s est\u00e0 proporcionant aquests enlla\u00e7os per a la seva comoditat i aprofitament, i la inclusi\u00f3 de qualsevol enlla\u00e7 no implica l&#8217;aprovaci\u00f3 del lloc per part de ROR OL.<\/p>\n<p>ROR OL informa que la funci\u00f3 dels \u00ablinks\u00bb o enlla\u00e7os que apareixen a les seves p\u00e0gines \u00e9s exclusivament la d&#8217;informar l&#8217;usuari sobre l&#8217;exist\u00e8ncia d&#8217;altres fonts d&#8217;informaci\u00f3 sobre la mat\u00e8ria a internet, on podr\u00e0 ampliar les dades ofertes en aquesta web. Aquests \u00ablinks\u00bb no suposen una sugger\u00e8ncia, invitaci\u00f3 o recomanaci\u00f3 per a la visita dels llocs de destinaci\u00f3, i per aix\u00f2, ROR OL no ser\u00e0 responsable del resultat obtingut a trav\u00e9s d&#8217;aquests enlla\u00e7os.<\/p>\n<p>\u00a0<\/p>\n<p><strong>ENLLA\u00c7OS DES DE P\u00c0GINES DE TERCERS<\/strong><\/p>\n<p>Les persones que vulguin establir un hiperenlla\u00e7 des de la seva p\u00e0gina web fins a aquest lloc web hauran de complir les condicions seg\u00fcents:<\/p>\n<ul>\n<li>El hiperenlla\u00e7 \u00fanicament permetr\u00e0 l&#8217;acc\u00e9s a les p\u00e0gines web d&#8217;aquest lloc web, per\u00f2 no podr\u00e0 reproduir-les de cap forma.<\/li>\n<li>El hiperenlla\u00e7 es far\u00e0 \u00fanicament amb la p\u00e0gina d&#8217;inici d&#8217;aquest lloc web. No es crear\u00e0 un navegador ni un marc de navegaci\u00f3 sobre les p\u00e0gines web d&#8217;aquest lloc web.<\/li>\n<li>No es realitzaran manifestacions o indicacions falses, inexactes o incorrectes sobre les p\u00e0gines web d&#8217;aquest lloc web, i, en particular, no s&#8217;afirmar\u00e0 ni donar\u00e0 a entendre que ROR OL ha autoritzat el hiperenlla\u00e7 o que ha supervisat o assumit de qualsevol forma els continguts o serveis oferts o posats a disposici\u00f3 de la p\u00e0gina web en la qual s&#8217;estableix el hiperenlla\u00e7.<\/li>\n<li>Excepci\u00f3 feta d&#8217;aquells signes que formin part del mateix hiperenlla\u00e7, la p\u00e0gina web en la qual s&#8217;estableixi el hiperenlla\u00e7 no contindr\u00e0 cap marca, nom comercial, r\u00e8tol d&#8217;establiment, denominaci\u00f3, logotip, esl\u00f2gan o altres signes distintius pertanyents a ROR OL.<\/li>\n<li>La p\u00e0gina web en la qual s&#8217;estableixi el hiperenlla\u00e7 no contindr\u00e0 informacions o continguts il\u00b7legals, contraris a la moral i bones costums generalment acceptades i a l&#8217;ordre p\u00fablic, aix\u00ed com tampoc contindr\u00e0 continguts contraris a qualssevol drets de tercers.<\/li>\n<\/ul>\n<p>L&#8217;establiment del hiperenlla\u00e7 no implica en cap cas l&#8217;exist\u00e8ncia de relacions entre ROR OL i el propietari de la p\u00e0gina web en la qual s&#8217;estableixi, ni l&#8217;acceptaci\u00f3 i aprovaci\u00f3 per part de ROR OL dels seus continguts o serveis.<\/p>\n<p>\u00a0<\/p>\n<p><strong>GENERALS<\/strong><\/p>\n<p>L&#8217;acc\u00e9s a la p\u00e0gina web rorlogistico.com implica l&#8217;acceptaci\u00f3 de totes i cadascuna de les condicions anteriorment expressades.<\/p>\n<p>Si alguna de les disposicions d&#8217;aquestes condicions generals d&#8217;\u00fas d&#8217;aquest lloc web fos declarada il\u00b7legal, nul\u00b7la, o per qualsevol motiu no aplicable, dita disposici\u00f3 ser\u00e0 considerada independent de la resta, i no afectar\u00e0 a la validesa i a l&#8217;obligatorietat de totes les altres disposicions.<\/p>\n<p>Els drets de propietat intel\u00b7lectual sobre el contingut d&#8217;aquest lloc web pertanyen a ROR OL o a tercers que li hagin atorgat una llic\u00e8ncia. No obstant aix\u00f2, s&#8217;autoritza a qualsevol persona a obtenir una c\u00f2pia privada del contingut d&#8217;aquest lloc web sota les seg\u00fcents condicions:<\/p>\n<ul>\n<li>El material copiat ha de ser utilitzat amb fins no comercials.<\/li>\n<li>Les c\u00f2pies han de reproduir i respectar tots els avisos referents a drets de propietat intel\u00b7lectual continguts en el material original.<\/li>\n<li>Els productes, tecnologies, o processos descrits en aquest lloc web poden estar subjectes a altres drets de propietat intel\u00b7lectual de ROR OL o d&#8217;algun tercer. No s&#8217;atorga cap llic\u00e8ncia respecte d&#8217;aquests altres drets de propietat intel\u00b7lectual.<\/li>\n<li>Les imatges reprodu\u00efdes en aquest lloc web estan protegides pel dret d&#8217;autor, i no poden ser reprodu\u00efdes o apropiades de cap manera sense una autoritzaci\u00f3 per escrit del titular, o els titulars, dels drets.<\/li>\n<\/ul>\n<p>Per a tota q\u00fcesti\u00f3 litigiosa o que incumbeixi a la p\u00e0gina web rorlogistico.com ser\u00e0 d&#8217;aplicaci\u00f3 la legislaci\u00f3 espanyola, sent competents per a la resoluci\u00f3 de tots els conflictes derivats o relacionats amb l&#8217;\u00fas d&#8217;aquesta p\u00e0gina web, exclusivament els jutjats i tribunals espanyols de la ciutat de Lle\u00f3.<\/p>\n\t\t\t\t\t\t<\/div>\n\t\t\t\t<\/div>\n\t\t\t\t\t<\/div>\n\t\t<\/div>\n\t\t\t\t\t<\/div>\n\t\t<\/section>\n\t\t\t\t<\/div>\n\t\t","protected":false},"excerpt":{"rendered":"<p>Av\u00eds legal AV\u00cdS LEGAL SOBRE L&#8217;ACC\u00c9S A LES P\u00c0GINES WEB DE ROR OPERADOR LOG\u00cdSTIC El prestador, responsable del lloc web, [&hellip;]<\/p>\n","protected":false},"author":1,"featured_media":0,"parent":0,"menu_order":0,"comment_status":"closed","ping_status":"closed","template":"","meta":{"_monsterinsights_skip_tracking":false,"_monsterinsights_sitenote_active":false,"_monsterinsights_sitenote_note":"","_monsterinsights_sitenote_category":0,"_uf_show_specific_survey":0,"_uf_disable_surveys":false,"site-sidebar-layout":"no-sidebar","site-content-layout":"","ast-site-content-layout":"full-width-container","site-content-style":"default","site-sidebar-style":"default","ast-global-header-display":"","ast-banner-title-visibility":"","ast-main-header-display":"","ast-hfb-above-header-display":"","ast-hfb-below-header-display":"","ast-hfb-mobile-header-display":"","site-post-title":"disabled","ast-breadcrumbs-content":"","ast-featured-img":"disabled","footer-sml-layout":"","theme-transparent-header-meta":"default","adv-header-id-meta":"","stick-header-meta":"","header-above-stick-meta":"","header-main-stick-meta":"","header-below-stick-meta":"","astra-migrate-meta-layouts":"default","ast-page-background-enabled":"default","ast-page-background-meta":{"desktop":{"background-color":"var(--ast-global-color-4)","background-image":"","background-repeat":"repeat","background-position":"center center","background-size":"auto","background-attachment":"scroll","background-type":"","background-media":"","overlay-type":"","overlay-color":"","overlay-opacity":"","overlay-gradient":""},"tablet":{"background-color":"","background-image":"","background-repeat":"repeat","background-position":"center center","background-size":"auto","background-attachment":"scroll","background-type":"","background-media":"","overlay-type":"","overlay-color":"","overlay-opacity":"","overlay-gradient":""},"mobile":{"background-color":"","background-image":"","background-repeat":"repeat","background-position":"center center","background-size":"auto","background-attachment":"scroll","background-type":"","background-media":"","overlay-type":"","overlay-color":"","overlay-opacity":"","overlay-gradient":""}},"ast-content-background-meta":{"desktop":{"background-color":"var(--ast-global-color-5)","background-image":"","background-repeat":"repeat","background-position":"center center","background-size":"auto","background-attachment":"scroll","background-type":"","background-media":"","overlay-type":"","overlay-color":"","overlay-opacity":"","overlay-gradient":""},"tablet":{"background-color":"var(--ast-global-color-5)","background-image":"","background-repeat":"repeat","background-position":"center center","background-size":"auto","background-attachment":"scroll","background-type":"","background-media":"","overlay-type":"","overlay-color":"","overlay-opacity":"","overlay-gradient":""},"mobile":{"background-color":"var(--ast-global-color-5)","background-image":"","background-repeat":"repeat","background-position":"center center","background-size":"auto","background-attachment":"scroll","background-type":"","background-media":"","overlay-type":"","overlay-color":"","overlay-opacity":"","overlay-gradient":""}},"footnotes":""},"class_list":["post-5711","page","type-page","status-publish","hentry"],"_links":{"self":[{"href":"https:\/\/rorlogistico.com\/ca\/wp-json\/wp\/v2\/pages\/5711","targetHints":{"allow":["GET"]}}],"collection":[{"href":"https:\/\/rorlogistico.com\/ca\/wp-json\/wp\/v2\/pages"}],"about":[{"href":"https:\/\/rorlogistico.com\/ca\/wp-json\/wp\/v2\/types\/page"}],"author":[{"embeddable":true,"href":"https:\/\/rorlogistico.com\/ca\/wp-json\/wp\/v2\/users\/1"}],"replies":[{"embeddable":true,"href":"https:\/\/rorlogistico.com\/ca\/wp-json\/wp\/v2\/comments?post=5711"}],"version-history":[{"count":5,"href":"https:\/\/rorlogistico.com\/ca\/wp-json\/wp\/v2\/pages\/5711\/revisions"}],"predecessor-version":[{"id":5716,"href":"https:\/\/rorlogistico.com\/ca\/wp-json\/wp\/v2\/pages\/5711\/revisions\/5716"}],"wp:attachment":[{"href":"https:\/\/rorlogistico.com\/ca\/wp-json\/wp\/v2\/media?parent=5711"}],"curies":[{"name":"wp","href":"https:\/\/api.w.org\/{rel}","templated":true}]}}