{"id":5701,"date":"2024-09-26T10:42:41","date_gmt":"2024-09-26T08:42:41","guid":{"rendered":"https:\/\/rorlogistico.com\/politica-de-cookies\/"},"modified":"2024-10-14T16:54:02","modified_gmt":"2024-10-14T14:54:02","slug":"politica-de-cookies","status":"publish","type":"page","link":"https:\/\/rorlogistico.com\/ca\/politica-de-cookies\/","title":{"rendered":"<h2>Pol\u00edtica de cookies<\/h2>"},"content":{"rendered":"\t\t<div data-elementor-type=\"wp-page\" data-elementor-id=\"5701\" class=\"elementor elementor-5701 elementor-5478\" data-elementor-post-type=\"page\">\n\t\t\t\t\t\t<section class=\"elementor-section elementor-top-section elementor-element elementor-element-1a6852c5 elementor-section-boxed elementor-section-height-default elementor-section-height-default\" data-id=\"1a6852c5\" data-element_type=\"section\">\n\t\t\t\t\t\t<div class=\"elementor-container elementor-column-gap-default\">\n\t\t\t\t\t<div class=\"elementor-column elementor-col-100 elementor-top-column elementor-element elementor-element-36258826\" data-id=\"36258826\" data-element_type=\"column\">\n\t\t\t<div class=\"elementor-widget-wrap elementor-element-populated\">\n\t\t\t\t\t\t<div class=\"elementor-element elementor-element-2109d824 elementor-widget elementor-widget-heading\" data-id=\"2109d824\" data-element_type=\"widget\" data-widget_type=\"heading.default\">\n\t\t\t\t<div class=\"elementor-widget-container\">\n\t\t\t<style>\/*! elementor - v3.23.0 - 15-07-2024 *\/\n.elementor-heading-title{padding:0;margin:0;line-height:1}.elementor-widget-heading .elementor-heading-title[class*=elementor-size-]>a{color:inherit;font-size:inherit;line-height:inherit}.elementor-widget-heading .elementor-heading-title.elementor-size-small{font-size:15px}.elementor-widget-heading .elementor-heading-title.elementor-size-medium{font-size:19px}.elementor-widget-heading .elementor-heading-title.elementor-size-large{font-size:29px}.elementor-widget-heading .elementor-heading-title.elementor-size-xl{font-size:39px}.elementor-widget-heading .elementor-heading-title.elementor-size-xxl{font-size:59px}<\/style><h2 class=\"elementor-heading-title elementor-size-default\"><h2>Pol\u00edtica de cookies<\/h2><\/h2>\t\t<\/div>\n\t\t\t\t<\/div>\n\t\t\t\t\t<\/div>\n\t\t<\/div>\n\t\t\t\t\t<\/div>\n\t\t<\/section>\n\t\t\t\t<section class=\"elementor-section elementor-top-section elementor-element elementor-element-6a20c407 elementor-section-boxed elementor-section-height-default elementor-section-height-default\" data-id=\"6a20c407\" data-element_type=\"section\">\n\t\t\t\t\t\t<div class=\"elementor-container elementor-column-gap-default\">\n\t\t\t\t\t<div class=\"elementor-column elementor-col-100 elementor-top-column elementor-element elementor-element-72656fec\" data-id=\"72656fec\" data-element_type=\"column\">\n\t\t\t<div class=\"elementor-widget-wrap elementor-element-populated\">\n\t\t\t\t\t\t<div class=\"elementor-element elementor-element-b87bc0c elementor-widget elementor-widget-text-editor\" data-id=\"b87bc0c\" data-element_type=\"widget\" data-widget_type=\"text-editor.default\">\n\t\t\t\t<div class=\"elementor-widget-container\">\n\t\t\t<style>\/*! elementor - v3.23.0 - 15-07-2024 *\/\n.elementor-widget-text-editor.elementor-drop-cap-view-stacked .elementor-drop-cap{background-color:#69727d;color:#fff}.elementor-widget-text-editor.elementor-drop-cap-view-framed .elementor-drop-cap{color:#69727d;border:3px solid;background-color:transparent}.elementor-widget-text-editor:not(.elementor-drop-cap-view-default) .elementor-drop-cap{margin-top:8px}.elementor-widget-text-editor:not(.elementor-drop-cap-view-default) .elementor-drop-cap-letter{width:1em;height:1em}.elementor-widget-text-editor .elementor-drop-cap{float:left;text-align:center;line-height:1;font-size:50px}.elementor-widget-text-editor .elementor-drop-cap-letter{display:inline-block}<\/style>\t\t\t\t<p>Data d&#8217;entrada en vigor: 26-Sep-2024 <br \/>\u00daltima actualitzaci\u00f3: 26-Sep-2024<\/p>\n<\/p>\n<h5>Qu\u00e8 s\u00f3n les cookies?<\/h5>\n<div class=\"cookie-policy-p\">\n<p>Aquesta Pol\u00edtica de Cookies explica qu\u00e8 s\u00f3n les cookies i com les utilitzem, els tipus de cookies que utilitzem, \u00e9s a dir, la informaci\u00f3 que recopilem utilitzant cookies i com s&#8217;utilitza aquesta informaci\u00f3, i com gestionar la configuraci\u00f3 de les cookies.<\/p>\n<p>Les cookies s\u00f3n petits fitxers de text que s&#8217;utilitzen per emmagatzemar petites peces d&#8217;informaci\u00f3. S&#8217;emmagatzemen al seu dispositiu quan el lloc web es carrega al seu navegador. Aquestes cookies ens ajuden a fer que el lloc web funcioni correctament, a fer-lo m\u00e9s segur, a proporcionar una millor experi\u00e8ncia a l&#8217;usuari i a entendre com funciona el lloc web i analitzar qu\u00e8 funciona i en quins aspectes necessita millores.<\/p>\n<\/div>\n<h5>Com utilitzem les cookies?<\/h5>\n<div class=\"cookie-policy-p\">\n<p>Com la majoria dels serveis en l\u00ednia, el nostre lloc web utilitza cookies pr\u00f2pies i de tercers per a diversos fins. Les cookies d&#8217;origen s\u00f3n majorit\u00e0riament necess\u00e0ries perqu\u00e8 el lloc web funcioni correctament i no recopilen cap dada personal identificable.<\/p>\n<p>Les cookies de tercers utilitzades al nostre lloc web serveixen principalment per entendre com funciona el lloc web, com interactua vost\u00e8 amb el nostre lloc web, mantenir els nostres serveis segurs, proporcionar anuncis que siguin rellevants per a vost\u00e8 i, en definitiva, proporcionar-li una millor i m\u00e9s r\u00e0pida experi\u00e8ncia d&#8217;usuari i ajudar-lo a agilitzar les seves futures interaccions amb el nostre lloc web.<\/p>\n<\/p>\n<\/div>\n<h5>Tipus de cookies que fem servir<\/h5>\n<div class=\"cky-audit-table-element\"> <\/div>\n<\/p>\n<h5 style=\"margin-bottom: 20px;\">Gestionar les prefer\u00e8ncies de cookies<\/h5>\n<p><a class=\"cky-banner-element\">Configuraci\u00f3 de cookies<\/a> <\/p>\n<div>\n<p>Pot canviar les seves prefer\u00e8ncies sobre cookies en qualsevol moment fent clic al bot\u00f3 anterior. Aix\u00f2 li permetr\u00e0 tornar a visitar el banner de consentiment de cookies i canviar les seves prefer\u00e8ncies o retirar el seu consentiment immediatament.<\/p>\n<p>A m\u00e9s, els diferents navegadors ofereixen diferents m\u00e8todes per bloquejar i eliminar les cookies utilitzades pels llocs web. Pot canviar la configuraci\u00f3 del seu navegador per bloquejar\/eliminar les cookies. A continuaci\u00f3 trobar\u00e0 els enlla\u00e7os als documents d&#8217;ajuda sobre com gestionar i eliminar les cookies dels principals navegadors web.<\/p>\n<p>Chrome: <a href=\"https:\/\/support.google.com\/accounts\/answer\/32050\" target=\"_blank\" rel=\"noopener\">https:\/\/support.google.com\/accounts\/answer\/32050<\/a><\/p>\n<p>Safari: <a href=\"https:\/\/support.apple.com\/en-in\/guide\/safari\/sfri11471\/mac\" target=\"_blank\" rel=\"noopener\">https:\/\/support.apple.com\/en-in\/guide\/safari\/sfri11471\/mac<\/a><\/p>\n<p>Firefox: <a href=\"https:\/\/support.mozilla.org\/en-US\/kb\/clear-cookies-and-site-data-firefox?redirectslug=delete-cookies-remove-info-websites-stored&amp;redirectlocale=en-US\" target=\"_blank\" rel=\"noopener\">https:\/\/support.mozilla.org\/en-US\/kb\/clear-cookies-and-site-data-firefox?redirectslug=delete-cookies-remove-info-websites-stored&amp;redirectlocale=en-US<\/a><\/p>\n<p>Internet Explorer: <a href=\"https:\/\/support.microsoft.com\/en-us\/topic\/how-to-delete-cookie-files-in-internet-explorer-bca9446f-d873-78de-77ba-d42645fa52fc\" target=\"_blank\" rel=\"noopener\">https:\/\/support.microsoft.com\/en-us\/topic\/how-to-delete-cookie-files-in-internet-explorer-bca9446f-d873-78de-77ba-d42645fa52fc<\/a><\/p>\n<p>Si utilitza qualsevol altre navegador, consulti la documentaci\u00f3 oficial del seu navegador.<\/p>\n<\/div>\n\t\t\t\t\t\t<\/div>\n\t\t\t\t<\/div>\n\t\t\t\t\t<\/div>\n\t\t<\/div>\n\t\t\t\t\t<\/div>\n\t\t<\/section>\n\t\t\t\t<\/div>\n\t\t","protected":false},"excerpt":{"rendered":"<p>Pol\u00edtica de cookies Data d&#8217;entrada en vigor: 26-Sep-2024 \u00daltima actualitzaci\u00f3: 26-Sep-2024 Qu\u00e8 s\u00f3n les cookies? Aquesta Pol\u00edtica de Cookies explica [&hellip;]<\/p>\n","protected":false},"author":1,"featured_media":0,"parent":0,"menu_order":0,"comment_status":"closed","ping_status":"closed","template":"","meta":{"_monsterinsights_skip_tracking":false,"_monsterinsights_sitenote_active":false,"_monsterinsights_sitenote_note":"","_monsterinsights_sitenote_category":0,"_uf_show_specific_survey":0,"_uf_disable_surveys":false,"site-sidebar-layout":"no-sidebar","site-content-layout":"","ast-site-content-layout":"full-width-container","site-content-style":"default","site-sidebar-style":"default","ast-global-header-display":"","ast-banner-title-visibility":"","ast-main-header-display":"","ast-hfb-above-header-display":"","ast-hfb-below-header-display":"","ast-hfb-mobile-header-display":"","site-post-title":"disabled","ast-breadcrumbs-content":"","ast-featured-img":"disabled","footer-sml-layout":"","theme-transparent-header-meta":"default","adv-header-id-meta":"","stick-header-meta":"","header-above-stick-meta":"","header-main-stick-meta":"","header-below-stick-meta":"","astra-migrate-meta-layouts":"default","ast-page-background-enabled":"default","ast-page-background-meta":{"desktop":{"background-color":"var(--ast-global-color-4)","background-image":"","background-repeat":"repeat","background-position":"center center","background-size":"auto","background-attachment":"scroll","background-type":"","background-media":"","overlay-type":"","overlay-color":"","overlay-opacity":"","overlay-gradient":""},"tablet":{"background-color":"","background-image":"","background-repeat":"repeat","background-position":"center center","background-size":"auto","background-attachment":"scroll","background-type":"","background-media":"","overlay-type":"","overlay-color":"","overlay-opacity":"","overlay-gradient":""},"mobile":{"background-color":"","background-image":"","background-repeat":"repeat","background-position":"center center","background-size":"auto","background-attachment":"scroll","background-type":"","background-media":"","overlay-type":"","overlay-color":"","overlay-opacity":"","overlay-gradient":""}},"ast-content-background-meta":{"desktop":{"background-color":"var(--ast-global-color-5)","background-image":"","background-repeat":"repeat","background-position":"center center","background-size":"auto","background-attachment":"scroll","background-type":"","background-media":"","overlay-type":"","overlay-color":"","overlay-opacity":"","overlay-gradient":""},"tablet":{"background-color":"var(--ast-global-color-5)","background-image":"","background-repeat":"repeat","background-position":"center center","background-size":"auto","background-attachment":"scroll","background-type":"","background-media":"","overlay-type":"","overlay-color":"","overlay-opacity":"","overlay-gradient":""},"mobile":{"background-color":"var(--ast-global-color-5)","background-image":"","background-repeat":"repeat","background-position":"center center","background-size":"auto","background-attachment":"scroll","background-type":"","background-media":"","overlay-type":"","overlay-color":"","overlay-opacity":"","overlay-gradient":""}},"footnotes":""},"class_list":["post-5701","page","type-page","status-publish","hentry"],"_links":{"self":[{"href":"https:\/\/rorlogistico.com\/ca\/wp-json\/wp\/v2\/pages\/5701","targetHints":{"allow":["GET"]}}],"collection":[{"href":"https:\/\/rorlogistico.com\/ca\/wp-json\/wp\/v2\/pages"}],"about":[{"href":"https:\/\/rorlogistico.com\/ca\/wp-json\/wp\/v2\/types\/page"}],"author":[{"embeddable":true,"href":"https:\/\/rorlogistico.com\/ca\/wp-json\/wp\/v2\/users\/1"}],"replies":[{"embeddable":true,"href":"https:\/\/rorlogistico.com\/ca\/wp-json\/wp\/v2\/comments?post=5701"}],"version-history":[{"count":1,"href":"https:\/\/rorlogistico.com\/ca\/wp-json\/wp\/v2\/pages\/5701\/revisions"}],"predecessor-version":[{"id":5702,"href":"https:\/\/rorlogistico.com\/ca\/wp-json\/wp\/v2\/pages\/5701\/revisions\/5702"}],"wp:attachment":[{"href":"https:\/\/rorlogistico.com\/ca\/wp-json\/wp\/v2\/media?parent=5701"}],"curies":[{"name":"wp","href":"https:\/\/api.w.org\/{rel}","templated":true}]}}